{"id":6657,"date":"2016-01-04T13:08:54","date_gmt":"2016-01-04T13:08:54","guid":{"rendered":"http:\/\/grandpalaceriga.com\/lv\/kontaktinformacija-un-atrasanas-vieta\/transfers\/"},"modified":"2026-01-29T13:59:14","modified_gmt":"2026-01-29T13:59:14","slug":"transfers","status":"publish","type":"page","link":"https:\/\/grandpalaceriga.com\/lv\/kontaktinformacija-un-atrasanas-vieta\/transfers\/","title":{"rendered":"Transf\u0113rs"},"content":{"rendered":"","protected":false},"excerpt":{"rendered":"","protected":false},"author":9,"featured_media":0,"parent":6648,"menu_order":0,"comment_status":"closed","ping_status":"closed","template":"","meta":{"_acf_changed":false,"footnotes":""},"class_list":["post-6657","page","type-page","status-publish","hentry"],"acf":[],"yoast_head":"<!-- This site is optimized with the Yoast SEO plugin v27.3 - https:\/\/yoast.com\/product\/yoast-seo-wordpress\/ -->\n<title>Transf\u0113ri | Grand Palace Hotel, R\u012bg\u0101 | Pils iela 12, Latvija<\/title>\n<meta name=\"description\" content=\"J\u016bsu \u0113rt\u012bbai un mieram m\u016bsu viesn\u012bca pied\u0101v\u0101 luksusa klases nog\u0101d\u0101\u0161anas izv\u0113li ar profesion\u0101liem un efekt\u012bviem \u0161oferiem no\/uz J\u016bsu izv\u0113l\u0113t\u0101s vietas.\" \/>\n<meta name=\"robots\" content=\"index, follow, max-snippet:-1, max-image-preview:large, max-video-preview:-1\" \/>\n<link rel=\"canonical\" href=\"https:\/\/grandpalaceriga.com\/lv\/kontaktinformacija-un-atrasanas-vieta\/transfers\/\" \/>\n<meta property=\"og:locale\" content=\"lv_LV\" \/>\n<meta property=\"og:type\" content=\"article\" \/>\n<meta property=\"og:title\" content=\"Transf\u0113ri | Grand Palace Hotel, R\u012bg\u0101 | Pils iela 12, Latvija\" \/>\n<meta property=\"og:description\" content=\"J\u016bsu \u0113rt\u012bbai un mieram m\u016bsu viesn\u012bca pied\u0101v\u0101 luksusa klases nog\u0101d\u0101\u0161anas izv\u0113li ar profesion\u0101liem un efekt\u012bviem \u0161oferiem no\/uz J\u016bsu izv\u0113l\u0113t\u0101s vietas.\" \/>\n<meta property=\"og:url\" content=\"https:\/\/grandpalaceriga.com\/lv\/kontaktinformacija-un-atrasanas-vieta\/transfers\/\" \/>\n<meta property=\"og:site_name\" content=\"Grand Palace Hotel Riga\" \/>\n<meta property=\"article:publisher\" content=\"https:\/\/www.facebook.com\/GrandPalaceRiga\" \/>\n<meta property=\"article:modified_time\" content=\"2026-01-29T13:59:14+00:00\" \/>\n<meta property=\"og:image\" content=\"https:\/\/grandpalaceriga.com\/wp-content\/uploads\/2019\/10\/Superior-Twin_main.jpg\" \/>\n\t<meta property=\"og:image:width\" content=\"5389\" \/>\n\t<meta property=\"og:image:height\" content=\"3593\" \/>\n\t<meta property=\"og:image:type\" content=\"image\/jpeg\" \/>\n<meta name=\"twitter:label1\" content=\"Est. reading time\" \/>\n\t<meta name=\"twitter:data1\" content=\"2 min\u016btes\" \/>\n<script type=\"application\/ld+json\" class=\"yoast-schema-graph\">{\"@context\":\"https:\\\/\\\/schema.org\",\"@graph\":[{\"@type\":\"WebPage\",\"@id\":\"https:\\\/\\\/grandpalaceriga.com\\\/lv\\\/kontaktinformacija-un-atrasanas-vieta\\\/transfers\\\/\",\"url\":\"https:\\\/\\\/grandpalaceriga.com\\\/lv\\\/kontaktinformacija-un-atrasanas-vieta\\\/transfers\\\/\",\"name\":\"Transf\u0113ri | Grand Palace Hotel, R\u012bg\u0101 | Pils iela 12, Latvija\",\"isPartOf\":{\"@id\":\"https:\\\/\\\/grandpalaceriga.com\\\/#website\"},\"datePublished\":\"2016-01-04T13:08:54+00:00\",\"dateModified\":\"2026-01-29T13:59:14+00:00\",\"description\":\"J\u016bsu \u0113rt\u012bbai un mieram m\u016bsu viesn\u012bca pied\u0101v\u0101 luksusa klases nog\u0101d\u0101\u0161anas izv\u0113li ar profesion\u0101liem un efekt\u012bviem \u0161oferiem no\\\/uz J\u016bsu izv\u0113l\u0113t\u0101s vietas.\",\"breadcrumb\":{\"@id\":\"https:\\\/\\\/grandpalaceriga.com\\\/lv\\\/kontaktinformacija-un-atrasanas-vieta\\\/transfers\\\/#breadcrumb\"},\"inLanguage\":\"lv-LV\",\"potentialAction\":[{\"@type\":\"ReadAction\",\"target\":[\"https:\\\/\\\/grandpalaceriga.com\\\/lv\\\/kontaktinformacija-un-atrasanas-vieta\\\/transfers\\\/\"]}]},{\"@type\":\"BreadcrumbList\",\"@id\":\"https:\\\/\\\/grandpalaceriga.com\\\/lv\\\/kontaktinformacija-un-atrasanas-vieta\\\/transfers\\\/#breadcrumb\",\"itemListElement\":[{\"@type\":\"ListItem\",\"position\":1,\"name\":\"Home\",\"item\":\"https:\\\/\\\/grandpalaceriga.com\\\/lv\\\/\"},{\"@type\":\"ListItem\",\"position\":2,\"name\":\"Kontaktinform\u0101cija un atra\u0161an\u0101s vieta\",\"item\":\"https:\\\/\\\/grandpalaceriga.com\\\/lv\\\/kontaktinformacija-un-atrasanas-vieta\\\/\"},{\"@type\":\"ListItem\",\"position\":3,\"name\":\"Transf\u0113rs\"}]},{\"@type\":\"WebSite\",\"@id\":\"https:\\\/\\\/grandpalaceriga.com\\\/#website\",\"url\":\"https:\\\/\\\/grandpalaceriga.com\\\/\",\"name\":\"Grand Palace Hotel Riga\",\"description\":\"Group\",\"potentialAction\":[{\"@type\":\"SearchAction\",\"target\":{\"@type\":\"EntryPoint\",\"urlTemplate\":\"https:\\\/\\\/grandpalaceriga.com\\\/?s={search_term_string}\"},\"query-input\":{\"@type\":\"PropertyValueSpecification\",\"valueRequired\":true,\"valueName\":\"search_term_string\"}}],\"inLanguage\":\"lv-LV\"}]}<\/script>\n<!-- \/ Yoast SEO plugin. -->","yoast_head_json":{"title":"Transf\u0113ri | Grand Palace Hotel, R\u012bg\u0101 | Pils iela 12, Latvija","description":"J\u016bsu \u0113rt\u012bbai un mieram m\u016bsu viesn\u012bca pied\u0101v\u0101 luksusa klases nog\u0101d\u0101\u0161anas izv\u0113li ar profesion\u0101liem un efekt\u012bviem \u0161oferiem no\/uz J\u016bsu izv\u0113l\u0113t\u0101s vietas.","robots":{"index":"index","follow":"follow","max-snippet":"max-snippet:-1","max-image-preview":"max-image-preview:large","max-video-preview":"max-video-preview:-1"},"canonical":"https:\/\/grandpalaceriga.com\/lv\/kontaktinformacija-un-atrasanas-vieta\/transfers\/","og_locale":"lv_LV","og_type":"article","og_title":"Transf\u0113ri | Grand Palace Hotel, R\u012bg\u0101 | Pils iela 12, Latvija","og_description":"J\u016bsu \u0113rt\u012bbai un mieram m\u016bsu viesn\u012bca pied\u0101v\u0101 luksusa klases nog\u0101d\u0101\u0161anas izv\u0113li ar profesion\u0101liem un efekt\u012bviem \u0161oferiem no\/uz J\u016bsu izv\u0113l\u0113t\u0101s vietas.","og_url":"https:\/\/grandpalaceriga.com\/lv\/kontaktinformacija-un-atrasanas-vieta\/transfers\/","og_site_name":"Grand Palace Hotel Riga","article_publisher":"https:\/\/www.facebook.com\/GrandPalaceRiga","article_modified_time":"2026-01-29T13:59:14+00:00","og_image":[{"width":5389,"height":3593,"url":"https:\/\/grandpalaceriga.com\/wp-content\/uploads\/2019\/10\/Superior-Twin_main.jpg","type":"image\/jpeg"}],"twitter_misc":{"Est. reading time":"2 min\u016btes"},"schema":{"@context":"https:\/\/schema.org","@graph":[{"@type":"WebPage","@id":"https:\/\/grandpalaceriga.com\/lv\/kontaktinformacija-un-atrasanas-vieta\/transfers\/","url":"https:\/\/grandpalaceriga.com\/lv\/kontaktinformacija-un-atrasanas-vieta\/transfers\/","name":"Transf\u0113ri | Grand Palace Hotel, R\u012bg\u0101 | Pils iela 12, Latvija","isPartOf":{"@id":"https:\/\/grandpalaceriga.com\/#website"},"datePublished":"2016-01-04T13:08:54+00:00","dateModified":"2026-01-29T13:59:14+00:00","description":"J\u016bsu \u0113rt\u012bbai un mieram m\u016bsu viesn\u012bca pied\u0101v\u0101 luksusa klases nog\u0101d\u0101\u0161anas izv\u0113li ar profesion\u0101liem un efekt\u012bviem \u0161oferiem no\/uz J\u016bsu izv\u0113l\u0113t\u0101s vietas.","breadcrumb":{"@id":"https:\/\/grandpalaceriga.com\/lv\/kontaktinformacija-un-atrasanas-vieta\/transfers\/#breadcrumb"},"inLanguage":"lv-LV","potentialAction":[{"@type":"ReadAction","target":["https:\/\/grandpalaceriga.com\/lv\/kontaktinformacija-un-atrasanas-vieta\/transfers\/"]}]},{"@type":"BreadcrumbList","@id":"https:\/\/grandpalaceriga.com\/lv\/kontaktinformacija-un-atrasanas-vieta\/transfers\/#breadcrumb","itemListElement":[{"@type":"ListItem","position":1,"name":"Home","item":"https:\/\/grandpalaceriga.com\/lv\/"},{"@type":"ListItem","position":2,"name":"Kontaktinform\u0101cija un atra\u0161an\u0101s vieta","item":"https:\/\/grandpalaceriga.com\/lv\/kontaktinformacija-un-atrasanas-vieta\/"},{"@type":"ListItem","position":3,"name":"Transf\u0113rs"}]},{"@type":"WebSite","@id":"https:\/\/grandpalaceriga.com\/#website","url":"https:\/\/grandpalaceriga.com\/","name":"Grand Palace Hotel Riga","description":"Group","potentialAction":[{"@type":"SearchAction","target":{"@type":"EntryPoint","urlTemplate":"https:\/\/grandpalaceriga.com\/?s={search_term_string}"},"query-input":{"@type":"PropertyValueSpecification","valueRequired":true,"valueName":"search_term_string"}}],"inLanguage":"lv-LV"}]}},"_links":{"self":[{"href":"https:\/\/grandpalaceriga.com\/lv\/wp-json\/wp\/v2\/pages\/6657","targetHints":{"allow":["GET"]}}],"collection":[{"href":"https:\/\/grandpalaceriga.com\/lv\/wp-json\/wp\/v2\/pages"}],"about":[{"href":"https:\/\/grandpalaceriga.com\/lv\/wp-json\/wp\/v2\/types\/page"}],"author":[{"embeddable":true,"href":"https:\/\/grandpalaceriga.com\/lv\/wp-json\/wp\/v2\/users\/9"}],"replies":[{"embeddable":true,"href":"https:\/\/grandpalaceriga.com\/lv\/wp-json\/wp\/v2\/comments?post=6657"}],"version-history":[{"count":10,"href":"https:\/\/grandpalaceriga.com\/lv\/wp-json\/wp\/v2\/pages\/6657\/revisions"}],"predecessor-version":[{"id":17388,"href":"https:\/\/grandpalaceriga.com\/lv\/wp-json\/wp\/v2\/pages\/6657\/revisions\/17388"}],"up":[{"embeddable":true,"href":"https:\/\/grandpalaceriga.com\/lv\/wp-json\/wp\/v2\/pages\/6648"}],"wp:attachment":[{"href":"https:\/\/grandpalaceriga.com\/lv\/wp-json\/wp\/v2\/media?parent=6657"}],"curies":[{"name":"wp","href":"https:\/\/api.w.org\/{rel}","templated":true}]}}