{"id":6652,"date":"2016-01-04T12:12:59","date_gmt":"2016-01-04T12:12:59","guid":{"rendered":"http:\/\/grandpalaceriga.com\/lv\/kontaktinformacija-un-atrasanas-vieta\/distances-from-the-hotel\/"},"modified":"2022-11-28T15:13:45","modified_gmt":"2022-11-28T15:13:45","slug":"attalumi-no-viesnicas","status":"publish","type":"page","link":"https:\/\/grandpalaceriga.com\/lv\/kontaktinformacija-un-atrasanas-vieta\/attalumi-no-viesnicas\/","title":{"rendered":"Att\u0101lumi no viesn\u012bcas"},"content":{"rendered":"","protected":false},"excerpt":{"rendered":"","protected":false},"author":9,"featured_media":0,"parent":6648,"menu_order":0,"comment_status":"closed","ping_status":"closed","template":"","meta":{"_acf_changed":false,"footnotes":""},"class_list":["post-6652","page","type-page","status-publish","hentry"],"acf":[],"yoast_head":"<!-- This site is optimized with the Yoast SEO plugin v27.3 - https:\/\/yoast.com\/product\/yoast-seo-wordpress\/ -->\n<title>Att\u0101lums l\u012bdz visn\u012bcai | Grand Palce Hotel, R\u012bg\u0101 | Pils iela 12<\/title>\n<meta name=\"description\" content=\"Viesn\u012bca atrodas Vecr\u012bg\u0101 \u2013 t\u0101 ir tuvu t\u016brisma objektiem, iepirk\u0161an\u0101s iel\u0101m, uz\u0146\u0113mumu birojiem un v\u0113stniec\u012bb\u0101m. Las\u012bt vair\u0101k un rezerv\u0113t tie\u0161saist\u0113\" \/>\n<meta name=\"robots\" content=\"index, follow, max-snippet:-1, max-image-preview:large, max-video-preview:-1\" \/>\n<link rel=\"canonical\" href=\"https:\/\/grandpalaceriga.com\/lv\/kontaktinformacija-un-atrasanas-vieta\/attalumi-no-viesnicas\/\" \/>\n<meta property=\"og:locale\" content=\"lv_LV\" \/>\n<meta property=\"og:type\" content=\"article\" \/>\n<meta property=\"og:title\" content=\"Att\u0101lums l\u012bdz visn\u012bcai | Grand Palce Hotel, R\u012bg\u0101 | Pils iela 12\" \/>\n<meta property=\"og:description\" content=\"Viesn\u012bca atrodas Vecr\u012bg\u0101 \u2013 t\u0101 ir tuvu t\u016brisma objektiem, iepirk\u0161an\u0101s iel\u0101m, uz\u0146\u0113mumu birojiem un v\u0113stniec\u012bb\u0101m. Las\u012bt vair\u0101k un rezerv\u0113t tie\u0161saist\u0113\" \/>\n<meta property=\"og:url\" content=\"https:\/\/grandpalaceriga.com\/lv\/kontaktinformacija-un-atrasanas-vieta\/attalumi-no-viesnicas\/\" \/>\n<meta property=\"og:site_name\" content=\"Grand Palace Hotel Riga\" \/>\n<meta property=\"article:publisher\" content=\"https:\/\/www.facebook.com\/GrandPalaceRiga\" \/>\n<meta property=\"article:modified_time\" content=\"2022-11-28T15:13:45+00:00\" \/>\n<meta property=\"og:image\" content=\"https:\/\/grandpalaceriga.com\/wp-content\/uploads\/2019\/10\/Superior-Twin_main.jpg\" \/>\n\t<meta property=\"og:image:width\" content=\"5389\" \/>\n\t<meta property=\"og:image:height\" content=\"3593\" \/>\n\t<meta property=\"og:image:type\" content=\"image\/jpeg\" \/>\n<script type=\"application\/ld+json\" class=\"yoast-schema-graph\">{\"@context\":\"https:\\\/\\\/schema.org\",\"@graph\":[{\"@type\":\"WebPage\",\"@id\":\"https:\\\/\\\/grandpalaceriga.com\\\/lv\\\/kontaktinformacija-un-atrasanas-vieta\\\/attalumi-no-viesnicas\\\/\",\"url\":\"https:\\\/\\\/grandpalaceriga.com\\\/lv\\\/kontaktinformacija-un-atrasanas-vieta\\\/attalumi-no-viesnicas\\\/\",\"name\":\"Att\u0101lums l\u012bdz visn\u012bcai | Grand Palce Hotel, R\u012bg\u0101 | Pils iela 12\",\"isPartOf\":{\"@id\":\"https:\\\/\\\/grandpalaceriga.com\\\/#website\"},\"datePublished\":\"2016-01-04T12:12:59+00:00\",\"dateModified\":\"2022-11-28T15:13:45+00:00\",\"description\":\"Viesn\u012bca atrodas Vecr\u012bg\u0101 \u2013 t\u0101 ir tuvu t\u016brisma objektiem, iepirk\u0161an\u0101s iel\u0101m, uz\u0146\u0113mumu birojiem un v\u0113stniec\u012bb\u0101m. Las\u012bt vair\u0101k un rezerv\u0113t tie\u0161saist\u0113\",\"breadcrumb\":{\"@id\":\"https:\\\/\\\/grandpalaceriga.com\\\/lv\\\/kontaktinformacija-un-atrasanas-vieta\\\/attalumi-no-viesnicas\\\/#breadcrumb\"},\"inLanguage\":\"lv-LV\",\"potentialAction\":[{\"@type\":\"ReadAction\",\"target\":[\"https:\\\/\\\/grandpalaceriga.com\\\/lv\\\/kontaktinformacija-un-atrasanas-vieta\\\/attalumi-no-viesnicas\\\/\"]}]},{\"@type\":\"BreadcrumbList\",\"@id\":\"https:\\\/\\\/grandpalaceriga.com\\\/lv\\\/kontaktinformacija-un-atrasanas-vieta\\\/attalumi-no-viesnicas\\\/#breadcrumb\",\"itemListElement\":[{\"@type\":\"ListItem\",\"position\":1,\"name\":\"Home\",\"item\":\"https:\\\/\\\/grandpalaceriga.com\\\/lv\\\/\"},{\"@type\":\"ListItem\",\"position\":2,\"name\":\"Kontaktinform\u0101cija un atra\u0161an\u0101s vieta\",\"item\":\"https:\\\/\\\/grandpalaceriga.com\\\/lv\\\/kontaktinformacija-un-atrasanas-vieta\\\/\"},{\"@type\":\"ListItem\",\"position\":3,\"name\":\"Att\u0101lumi no viesn\u012bcas\"}]},{\"@type\":\"WebSite\",\"@id\":\"https:\\\/\\\/grandpalaceriga.com\\\/#website\",\"url\":\"https:\\\/\\\/grandpalaceriga.com\\\/\",\"name\":\"Grand Palace Hotel Riga\",\"description\":\"Group\",\"potentialAction\":[{\"@type\":\"SearchAction\",\"target\":{\"@type\":\"EntryPoint\",\"urlTemplate\":\"https:\\\/\\\/grandpalaceriga.com\\\/?s={search_term_string}\"},\"query-input\":{\"@type\":\"PropertyValueSpecification\",\"valueRequired\":true,\"valueName\":\"search_term_string\"}}],\"inLanguage\":\"lv-LV\"}]}<\/script>\n<!-- \/ Yoast SEO plugin. -->","yoast_head_json":{"title":"Att\u0101lums l\u012bdz visn\u012bcai | Grand Palce Hotel, R\u012bg\u0101 | Pils iela 12","description":"Viesn\u012bca atrodas Vecr\u012bg\u0101 \u2013 t\u0101 ir tuvu t\u016brisma objektiem, iepirk\u0161an\u0101s iel\u0101m, uz\u0146\u0113mumu birojiem un v\u0113stniec\u012bb\u0101m. Las\u012bt vair\u0101k un rezerv\u0113t tie\u0161saist\u0113","robots":{"index":"index","follow":"follow","max-snippet":"max-snippet:-1","max-image-preview":"max-image-preview:large","max-video-preview":"max-video-preview:-1"},"canonical":"https:\/\/grandpalaceriga.com\/lv\/kontaktinformacija-un-atrasanas-vieta\/attalumi-no-viesnicas\/","og_locale":"lv_LV","og_type":"article","og_title":"Att\u0101lums l\u012bdz visn\u012bcai | Grand Palce Hotel, R\u012bg\u0101 | Pils iela 12","og_description":"Viesn\u012bca atrodas Vecr\u012bg\u0101 \u2013 t\u0101 ir tuvu t\u016brisma objektiem, iepirk\u0161an\u0101s iel\u0101m, uz\u0146\u0113mumu birojiem un v\u0113stniec\u012bb\u0101m. Las\u012bt vair\u0101k un rezerv\u0113t tie\u0161saist\u0113","og_url":"https:\/\/grandpalaceriga.com\/lv\/kontaktinformacija-un-atrasanas-vieta\/attalumi-no-viesnicas\/","og_site_name":"Grand Palace Hotel Riga","article_publisher":"https:\/\/www.facebook.com\/GrandPalaceRiga","article_modified_time":"2022-11-28T15:13:45+00:00","og_image":[{"width":5389,"height":3593,"url":"https:\/\/grandpalaceriga.com\/wp-content\/uploads\/2019\/10\/Superior-Twin_main.jpg","type":"image\/jpeg"}],"schema":{"@context":"https:\/\/schema.org","@graph":[{"@type":"WebPage","@id":"https:\/\/grandpalaceriga.com\/lv\/kontaktinformacija-un-atrasanas-vieta\/attalumi-no-viesnicas\/","url":"https:\/\/grandpalaceriga.com\/lv\/kontaktinformacija-un-atrasanas-vieta\/attalumi-no-viesnicas\/","name":"Att\u0101lums l\u012bdz visn\u012bcai | Grand Palce Hotel, R\u012bg\u0101 | Pils iela 12","isPartOf":{"@id":"https:\/\/grandpalaceriga.com\/#website"},"datePublished":"2016-01-04T12:12:59+00:00","dateModified":"2022-11-28T15:13:45+00:00","description":"Viesn\u012bca atrodas Vecr\u012bg\u0101 \u2013 t\u0101 ir tuvu t\u016brisma objektiem, iepirk\u0161an\u0101s iel\u0101m, uz\u0146\u0113mumu birojiem un v\u0113stniec\u012bb\u0101m. Las\u012bt vair\u0101k un rezerv\u0113t tie\u0161saist\u0113","breadcrumb":{"@id":"https:\/\/grandpalaceriga.com\/lv\/kontaktinformacija-un-atrasanas-vieta\/attalumi-no-viesnicas\/#breadcrumb"},"inLanguage":"lv-LV","potentialAction":[{"@type":"ReadAction","target":["https:\/\/grandpalaceriga.com\/lv\/kontaktinformacija-un-atrasanas-vieta\/attalumi-no-viesnicas\/"]}]},{"@type":"BreadcrumbList","@id":"https:\/\/grandpalaceriga.com\/lv\/kontaktinformacija-un-atrasanas-vieta\/attalumi-no-viesnicas\/#breadcrumb","itemListElement":[{"@type":"ListItem","position":1,"name":"Home","item":"https:\/\/grandpalaceriga.com\/lv\/"},{"@type":"ListItem","position":2,"name":"Kontaktinform\u0101cija un atra\u0161an\u0101s vieta","item":"https:\/\/grandpalaceriga.com\/lv\/kontaktinformacija-un-atrasanas-vieta\/"},{"@type":"ListItem","position":3,"name":"Att\u0101lumi no viesn\u012bcas"}]},{"@type":"WebSite","@id":"https:\/\/grandpalaceriga.com\/#website","url":"https:\/\/grandpalaceriga.com\/","name":"Grand Palace Hotel Riga","description":"Group","potentialAction":[{"@type":"SearchAction","target":{"@type":"EntryPoint","urlTemplate":"https:\/\/grandpalaceriga.com\/?s={search_term_string}"},"query-input":{"@type":"PropertyValueSpecification","valueRequired":true,"valueName":"search_term_string"}}],"inLanguage":"lv-LV"}]}},"_links":{"self":[{"href":"https:\/\/grandpalaceriga.com\/lv\/wp-json\/wp\/v2\/pages\/6652","targetHints":{"allow":["GET"]}}],"collection":[{"href":"https:\/\/grandpalaceriga.com\/lv\/wp-json\/wp\/v2\/pages"}],"about":[{"href":"https:\/\/grandpalaceriga.com\/lv\/wp-json\/wp\/v2\/types\/page"}],"author":[{"embeddable":true,"href":"https:\/\/grandpalaceriga.com\/lv\/wp-json\/wp\/v2\/users\/9"}],"replies":[{"embeddable":true,"href":"https:\/\/grandpalaceriga.com\/lv\/wp-json\/wp\/v2\/comments?post=6652"}],"version-history":[{"count":1,"href":"https:\/\/grandpalaceriga.com\/lv\/wp-json\/wp\/v2\/pages\/6652\/revisions"}],"predecessor-version":[{"id":12020,"href":"https:\/\/grandpalaceriga.com\/lv\/wp-json\/wp\/v2\/pages\/6652\/revisions\/12020"}],"up":[{"embeddable":true,"href":"https:\/\/grandpalaceriga.com\/lv\/wp-json\/wp\/v2\/pages\/6648"}],"wp:attachment":[{"href":"https:\/\/grandpalaceriga.com\/lv\/wp-json\/wp\/v2\/media?parent=6652"}],"curies":[{"name":"wp","href":"https:\/\/api.w.org\/{rel}","templated":true}]}}