{"id":6634,"date":"2014-05-03T16:50:14","date_gmt":"2014-05-03T16:50:14","guid":{"rendered":"http:\/\/grandpalaceriga.com\/lv\/riga\/map-of-riga\/"},"modified":"2026-01-29T14:02:21","modified_gmt":"2026-01-29T14:02:21","slug":"rigas-karte","status":"publish","type":"page","link":"https:\/\/grandpalaceriga.com\/lv\/rigas-karte\/","title":{"rendered":"R\u012bgas karte\/ Latvija\/ Att\u0101lumi"},"content":{"rendered":"","protected":false},"excerpt":{"rendered":"","protected":false},"author":2,"featured_media":0,"parent":0,"menu_order":0,"comment_status":"closed","ping_status":"closed","template":"","meta":{"_acf_changed":false,"footnotes":""},"class_list":["post-6634","page","type-page","status-publish","hentry"],"acf":[],"yoast_head":"<!-- This site is optimized with the Yoast SEO plugin v27.3 - https:\/\/yoast.com\/product\/yoast-seo-wordpress\/ -->\n<title>R\u012bgas Karte | Grand Palace Hotel Vecr\u012bg\u0101 | Pils iela 12<\/title>\n<meta name=\"description\" content=\"Grand Palace Hotel atrodas pastaigas att\u0101lum\u0101 no galvenajiem apskates objektiem Vecr\u012bg\u0101. Las\u012bt vair\u0101k un rezerv\u0113t viesn\u012bcu!\" \/>\n<meta name=\"robots\" content=\"index, follow, max-snippet:-1, max-image-preview:large, max-video-preview:-1\" \/>\n<link rel=\"canonical\" href=\"https:\/\/grandpalaceriga.com\/lv\/rigas-karte\/\" \/>\n<meta property=\"og:locale\" content=\"lv_LV\" \/>\n<meta property=\"og:type\" content=\"article\" \/>\n<meta property=\"og:title\" content=\"R\u012bgas Karte | Grand Palace Hotel Vecr\u012bg\u0101 | Pils iela 12\" \/>\n<meta property=\"og:description\" content=\"Grand Palace Hotel atrodas pastaigas att\u0101lum\u0101 no galvenajiem apskates objektiem Vecr\u012bg\u0101. Las\u012bt vair\u0101k un rezerv\u0113t viesn\u012bcu!\" \/>\n<meta property=\"og:url\" content=\"https:\/\/grandpalaceriga.com\/lv\/rigas-karte\/\" \/>\n<meta property=\"og:site_name\" content=\"Grand Palace Hotel Riga\" \/>\n<meta property=\"article:publisher\" content=\"https:\/\/www.facebook.com\/GrandPalaceRiga\" \/>\n<meta property=\"article:modified_time\" content=\"2026-01-29T14:02:21+00:00\" \/>\n<meta property=\"og:image\" content=\"https:\/\/grandpalaceriga.com\/wp-content\/uploads\/2019\/10\/Superior-Twin_main.jpg\" \/>\n\t<meta property=\"og:image:width\" content=\"5389\" \/>\n\t<meta property=\"og:image:height\" content=\"3593\" \/>\n\t<meta property=\"og:image:type\" content=\"image\/jpeg\" \/>\n<meta name=\"twitter:label1\" content=\"Est. reading time\" \/>\n\t<meta name=\"twitter:data1\" content=\"2 min\u016btes\" \/>\n<script type=\"application\/ld+json\" class=\"yoast-schema-graph\">{\"@context\":\"https:\\\/\\\/schema.org\",\"@graph\":[{\"@type\":\"WebPage\",\"@id\":\"https:\\\/\\\/grandpalaceriga.com\\\/lv\\\/rigas-karte\\\/\",\"url\":\"https:\\\/\\\/grandpalaceriga.com\\\/lv\\\/rigas-karte\\\/\",\"name\":\"R\u012bgas Karte | Grand Palace Hotel Vecr\u012bg\u0101 | Pils iela 12\",\"isPartOf\":{\"@id\":\"https:\\\/\\\/grandpalaceriga.com\\\/#website\"},\"datePublished\":\"2014-05-03T16:50:14+00:00\",\"dateModified\":\"2026-01-29T14:02:21+00:00\",\"description\":\"Grand Palace Hotel atrodas pastaigas att\u0101lum\u0101 no galvenajiem apskates objektiem Vecr\u012bg\u0101. Las\u012bt vair\u0101k un rezerv\u0113t viesn\u012bcu!\",\"breadcrumb\":{\"@id\":\"https:\\\/\\\/grandpalaceriga.com\\\/lv\\\/rigas-karte\\\/#breadcrumb\"},\"inLanguage\":\"lv-LV\",\"potentialAction\":[{\"@type\":\"ReadAction\",\"target\":[\"https:\\\/\\\/grandpalaceriga.com\\\/lv\\\/rigas-karte\\\/\"]}]},{\"@type\":\"BreadcrumbList\",\"@id\":\"https:\\\/\\\/grandpalaceriga.com\\\/lv\\\/rigas-karte\\\/#breadcrumb\",\"itemListElement\":[{\"@type\":\"ListItem\",\"position\":1,\"name\":\"Home\",\"item\":\"https:\\\/\\\/grandpalaceriga.com\\\/lv\\\/\"},{\"@type\":\"ListItem\",\"position\":2,\"name\":\"R\u012bgas karte\\\/ Latvija\\\/ Att\u0101lumi\"}]},{\"@type\":\"WebSite\",\"@id\":\"https:\\\/\\\/grandpalaceriga.com\\\/#website\",\"url\":\"https:\\\/\\\/grandpalaceriga.com\\\/\",\"name\":\"Grand Palace Hotel Riga\",\"description\":\"Group\",\"potentialAction\":[{\"@type\":\"SearchAction\",\"target\":{\"@type\":\"EntryPoint\",\"urlTemplate\":\"https:\\\/\\\/grandpalaceriga.com\\\/?s={search_term_string}\"},\"query-input\":{\"@type\":\"PropertyValueSpecification\",\"valueRequired\":true,\"valueName\":\"search_term_string\"}}],\"inLanguage\":\"lv-LV\"}]}<\/script>\n<!-- \/ Yoast SEO plugin. -->","yoast_head_json":{"title":"R\u012bgas Karte | Grand Palace Hotel Vecr\u012bg\u0101 | Pils iela 12","description":"Grand Palace Hotel atrodas pastaigas att\u0101lum\u0101 no galvenajiem apskates objektiem Vecr\u012bg\u0101. Las\u012bt vair\u0101k un rezerv\u0113t viesn\u012bcu!","robots":{"index":"index","follow":"follow","max-snippet":"max-snippet:-1","max-image-preview":"max-image-preview:large","max-video-preview":"max-video-preview:-1"},"canonical":"https:\/\/grandpalaceriga.com\/lv\/rigas-karte\/","og_locale":"lv_LV","og_type":"article","og_title":"R\u012bgas Karte | Grand Palace Hotel Vecr\u012bg\u0101 | Pils iela 12","og_description":"Grand Palace Hotel atrodas pastaigas att\u0101lum\u0101 no galvenajiem apskates objektiem Vecr\u012bg\u0101. Las\u012bt vair\u0101k un rezerv\u0113t viesn\u012bcu!","og_url":"https:\/\/grandpalaceriga.com\/lv\/rigas-karte\/","og_site_name":"Grand Palace Hotel Riga","article_publisher":"https:\/\/www.facebook.com\/GrandPalaceRiga","article_modified_time":"2026-01-29T14:02:21+00:00","og_image":[{"width":5389,"height":3593,"url":"https:\/\/grandpalaceriga.com\/wp-content\/uploads\/2019\/10\/Superior-Twin_main.jpg","type":"image\/jpeg"}],"twitter_misc":{"Est. reading time":"2 min\u016btes"},"schema":{"@context":"https:\/\/schema.org","@graph":[{"@type":"WebPage","@id":"https:\/\/grandpalaceriga.com\/lv\/rigas-karte\/","url":"https:\/\/grandpalaceriga.com\/lv\/rigas-karte\/","name":"R\u012bgas Karte | Grand Palace Hotel Vecr\u012bg\u0101 | Pils iela 12","isPartOf":{"@id":"https:\/\/grandpalaceriga.com\/#website"},"datePublished":"2014-05-03T16:50:14+00:00","dateModified":"2026-01-29T14:02:21+00:00","description":"Grand Palace Hotel atrodas pastaigas att\u0101lum\u0101 no galvenajiem apskates objektiem Vecr\u012bg\u0101. Las\u012bt vair\u0101k un rezerv\u0113t viesn\u012bcu!","breadcrumb":{"@id":"https:\/\/grandpalaceriga.com\/lv\/rigas-karte\/#breadcrumb"},"inLanguage":"lv-LV","potentialAction":[{"@type":"ReadAction","target":["https:\/\/grandpalaceriga.com\/lv\/rigas-karte\/"]}]},{"@type":"BreadcrumbList","@id":"https:\/\/grandpalaceriga.com\/lv\/rigas-karte\/#breadcrumb","itemListElement":[{"@type":"ListItem","position":1,"name":"Home","item":"https:\/\/grandpalaceriga.com\/lv\/"},{"@type":"ListItem","position":2,"name":"R\u012bgas karte\/ Latvija\/ Att\u0101lumi"}]},{"@type":"WebSite","@id":"https:\/\/grandpalaceriga.com\/#website","url":"https:\/\/grandpalaceriga.com\/","name":"Grand Palace Hotel Riga","description":"Group","potentialAction":[{"@type":"SearchAction","target":{"@type":"EntryPoint","urlTemplate":"https:\/\/grandpalaceriga.com\/?s={search_term_string}"},"query-input":{"@type":"PropertyValueSpecification","valueRequired":true,"valueName":"search_term_string"}}],"inLanguage":"lv-LV"}]}},"_links":{"self":[{"href":"https:\/\/grandpalaceriga.com\/lv\/wp-json\/wp\/v2\/pages\/6634","targetHints":{"allow":["GET"]}}],"collection":[{"href":"https:\/\/grandpalaceriga.com\/lv\/wp-json\/wp\/v2\/pages"}],"about":[{"href":"https:\/\/grandpalaceriga.com\/lv\/wp-json\/wp\/v2\/types\/page"}],"author":[{"embeddable":true,"href":"https:\/\/grandpalaceriga.com\/lv\/wp-json\/wp\/v2\/users\/2"}],"replies":[{"embeddable":true,"href":"https:\/\/grandpalaceriga.com\/lv\/wp-json\/wp\/v2\/comments?post=6634"}],"version-history":[{"count":7,"href":"https:\/\/grandpalaceriga.com\/lv\/wp-json\/wp\/v2\/pages\/6634\/revisions"}],"predecessor-version":[{"id":17392,"href":"https:\/\/grandpalaceriga.com\/lv\/wp-json\/wp\/v2\/pages\/6634\/revisions\/17392"}],"wp:attachment":[{"href":"https:\/\/grandpalaceriga.com\/lv\/wp-json\/wp\/v2\/media?parent=6634"}],"curies":[{"name":"wp","href":"https:\/\/api.w.org\/{rel}","templated":true}]}}