{"id":6631,"date":"2014-04-10T15:58:53","date_gmt":"2014-04-10T15:58:53","guid":{"rendered":"http:\/\/grandpalaceriga.com\/lv\/riga\/"},"modified":"2022-11-28T15:14:41","modified_gmt":"2022-11-28T15:14:41","slug":"riga","status":"publish","type":"page","link":"https:\/\/grandpalaceriga.com\/lv\/riga\/","title":{"rendered":"R\u012bga"},"content":{"rendered":"","protected":false},"excerpt":{"rendered":"","protected":false},"author":2,"featured_media":0,"parent":0,"menu_order":15,"comment_status":"closed","ping_status":"closed","template":"","meta":{"_acf_changed":false,"footnotes":""},"class_list":["post-6631","page","type-page","status-publish","hentry"],"acf":[],"yoast_head":"<!-- This site is optimized with the Yoast SEO plugin v27.3 - https:\/\/yoast.com\/product\/yoast-seo-wordpress\/ -->\n<title>R\u012bga | Latvijas galvaspils\u0113ta | Lab\u0101k\u0101 viesn\u012bca Vecr\u012bg\u0101<\/title>\n<meta name=\"description\" content=\"R\u012bga, Latvijas galvaspils\u0113ta, ofici\u0101li dibin\u0101ta 1201.gad\u0101 R\u012bgas vecpils\u0113ta ir iek\u013cauta UNESCO presti\u017eaj\u0101 Pasaules mantojuma sarakst\u0101. Las\u012bt vair\u0101k...\" \/>\n<meta name=\"robots\" content=\"index, follow, max-snippet:-1, max-image-preview:large, max-video-preview:-1\" \/>\n<link rel=\"canonical\" href=\"https:\/\/grandpalaceriga.com\/lv\/riga\/\" \/>\n<meta property=\"og:locale\" content=\"lv_LV\" \/>\n<meta property=\"og:type\" content=\"article\" \/>\n<meta property=\"og:title\" content=\"R\u012bga | Latvijas galvaspils\u0113ta | Lab\u0101k\u0101 viesn\u012bca Vecr\u012bg\u0101\" \/>\n<meta property=\"og:description\" content=\"R\u012bga, Latvijas galvaspils\u0113ta, ofici\u0101li dibin\u0101ta 1201.gad\u0101 R\u012bgas vecpils\u0113ta ir iek\u013cauta UNESCO presti\u017eaj\u0101 Pasaules mantojuma sarakst\u0101. Las\u012bt vair\u0101k...\" \/>\n<meta property=\"og:url\" content=\"https:\/\/grandpalaceriga.com\/lv\/riga\/\" \/>\n<meta property=\"og:site_name\" content=\"Grand Palace Hotel Riga\" \/>\n<meta property=\"article:publisher\" content=\"https:\/\/www.facebook.com\/GrandPalaceRiga\" \/>\n<meta property=\"article:modified_time\" content=\"2022-11-28T15:14:41+00:00\" \/>\n<meta property=\"og:image\" content=\"https:\/\/grandpalaceriga.com\/wp-content\/uploads\/2019\/10\/Superior-Twin_main.jpg\" \/>\n\t<meta property=\"og:image:width\" content=\"5389\" \/>\n\t<meta property=\"og:image:height\" content=\"3593\" \/>\n\t<meta property=\"og:image:type\" content=\"image\/jpeg\" \/>\n<script type=\"application\/ld+json\" class=\"yoast-schema-graph\">{\"@context\":\"https:\\\/\\\/schema.org\",\"@graph\":[{\"@type\":\"WebPage\",\"@id\":\"https:\\\/\\\/grandpalaceriga.com\\\/lv\\\/riga\\\/\",\"url\":\"https:\\\/\\\/grandpalaceriga.com\\\/lv\\\/riga\\\/\",\"name\":\"R\u012bga | Latvijas galvaspils\u0113ta | Lab\u0101k\u0101 viesn\u012bca Vecr\u012bg\u0101\",\"isPartOf\":{\"@id\":\"https:\\\/\\\/grandpalaceriga.com\\\/#website\"},\"datePublished\":\"2014-04-10T15:58:53+00:00\",\"dateModified\":\"2022-11-28T15:14:41+00:00\",\"description\":\"R\u012bga, Latvijas galvaspils\u0113ta, ofici\u0101li dibin\u0101ta 1201.gad\u0101 R\u012bgas vecpils\u0113ta ir iek\u013cauta UNESCO presti\u017eaj\u0101 Pasaules mantojuma sarakst\u0101. Las\u012bt vair\u0101k...\",\"breadcrumb\":{\"@id\":\"https:\\\/\\\/grandpalaceriga.com\\\/lv\\\/riga\\\/#breadcrumb\"},\"inLanguage\":\"lv-LV\",\"potentialAction\":[{\"@type\":\"ReadAction\",\"target\":[\"https:\\\/\\\/grandpalaceriga.com\\\/lv\\\/riga\\\/\"]}]},{\"@type\":\"BreadcrumbList\",\"@id\":\"https:\\\/\\\/grandpalaceriga.com\\\/lv\\\/riga\\\/#breadcrumb\",\"itemListElement\":[{\"@type\":\"ListItem\",\"position\":1,\"name\":\"Home\",\"item\":\"https:\\\/\\\/grandpalaceriga.com\\\/lv\\\/\"},{\"@type\":\"ListItem\",\"position\":2,\"name\":\"R\u012bga\"}]},{\"@type\":\"WebSite\",\"@id\":\"https:\\\/\\\/grandpalaceriga.com\\\/#website\",\"url\":\"https:\\\/\\\/grandpalaceriga.com\\\/\",\"name\":\"Grand Palace Hotel Riga\",\"description\":\"Group\",\"potentialAction\":[{\"@type\":\"SearchAction\",\"target\":{\"@type\":\"EntryPoint\",\"urlTemplate\":\"https:\\\/\\\/grandpalaceriga.com\\\/?s={search_term_string}\"},\"query-input\":{\"@type\":\"PropertyValueSpecification\",\"valueRequired\":true,\"valueName\":\"search_term_string\"}}],\"inLanguage\":\"lv-LV\"}]}<\/script>\n<!-- \/ Yoast SEO plugin. -->","yoast_head_json":{"title":"R\u012bga | Latvijas galvaspils\u0113ta | Lab\u0101k\u0101 viesn\u012bca Vecr\u012bg\u0101","description":"R\u012bga, Latvijas galvaspils\u0113ta, ofici\u0101li dibin\u0101ta 1201.gad\u0101 R\u012bgas vecpils\u0113ta ir iek\u013cauta UNESCO presti\u017eaj\u0101 Pasaules mantojuma sarakst\u0101. Las\u012bt vair\u0101k...","robots":{"index":"index","follow":"follow","max-snippet":"max-snippet:-1","max-image-preview":"max-image-preview:large","max-video-preview":"max-video-preview:-1"},"canonical":"https:\/\/grandpalaceriga.com\/lv\/riga\/","og_locale":"lv_LV","og_type":"article","og_title":"R\u012bga | Latvijas galvaspils\u0113ta | Lab\u0101k\u0101 viesn\u012bca Vecr\u012bg\u0101","og_description":"R\u012bga, Latvijas galvaspils\u0113ta, ofici\u0101li dibin\u0101ta 1201.gad\u0101 R\u012bgas vecpils\u0113ta ir iek\u013cauta UNESCO presti\u017eaj\u0101 Pasaules mantojuma sarakst\u0101. Las\u012bt vair\u0101k...","og_url":"https:\/\/grandpalaceriga.com\/lv\/riga\/","og_site_name":"Grand Palace Hotel Riga","article_publisher":"https:\/\/www.facebook.com\/GrandPalaceRiga","article_modified_time":"2022-11-28T15:14:41+00:00","og_image":[{"width":5389,"height":3593,"url":"https:\/\/grandpalaceriga.com\/wp-content\/uploads\/2019\/10\/Superior-Twin_main.jpg","type":"image\/jpeg"}],"schema":{"@context":"https:\/\/schema.org","@graph":[{"@type":"WebPage","@id":"https:\/\/grandpalaceriga.com\/lv\/riga\/","url":"https:\/\/grandpalaceriga.com\/lv\/riga\/","name":"R\u012bga | Latvijas galvaspils\u0113ta | Lab\u0101k\u0101 viesn\u012bca Vecr\u012bg\u0101","isPartOf":{"@id":"https:\/\/grandpalaceriga.com\/#website"},"datePublished":"2014-04-10T15:58:53+00:00","dateModified":"2022-11-28T15:14:41+00:00","description":"R\u012bga, Latvijas galvaspils\u0113ta, ofici\u0101li dibin\u0101ta 1201.gad\u0101 R\u012bgas vecpils\u0113ta ir iek\u013cauta UNESCO presti\u017eaj\u0101 Pasaules mantojuma sarakst\u0101. Las\u012bt vair\u0101k...","breadcrumb":{"@id":"https:\/\/grandpalaceriga.com\/lv\/riga\/#breadcrumb"},"inLanguage":"lv-LV","potentialAction":[{"@type":"ReadAction","target":["https:\/\/grandpalaceriga.com\/lv\/riga\/"]}]},{"@type":"BreadcrumbList","@id":"https:\/\/grandpalaceriga.com\/lv\/riga\/#breadcrumb","itemListElement":[{"@type":"ListItem","position":1,"name":"Home","item":"https:\/\/grandpalaceriga.com\/lv\/"},{"@type":"ListItem","position":2,"name":"R\u012bga"}]},{"@type":"WebSite","@id":"https:\/\/grandpalaceriga.com\/#website","url":"https:\/\/grandpalaceriga.com\/","name":"Grand Palace Hotel Riga","description":"Group","potentialAction":[{"@type":"SearchAction","target":{"@type":"EntryPoint","urlTemplate":"https:\/\/grandpalaceriga.com\/?s={search_term_string}"},"query-input":{"@type":"PropertyValueSpecification","valueRequired":true,"valueName":"search_term_string"}}],"inLanguage":"lv-LV"}]}},"_links":{"self":[{"href":"https:\/\/grandpalaceriga.com\/lv\/wp-json\/wp\/v2\/pages\/6631","targetHints":{"allow":["GET"]}}],"collection":[{"href":"https:\/\/grandpalaceriga.com\/lv\/wp-json\/wp\/v2\/pages"}],"about":[{"href":"https:\/\/grandpalaceriga.com\/lv\/wp-json\/wp\/v2\/types\/page"}],"author":[{"embeddable":true,"href":"https:\/\/grandpalaceriga.com\/lv\/wp-json\/wp\/v2\/users\/2"}],"replies":[{"embeddable":true,"href":"https:\/\/grandpalaceriga.com\/lv\/wp-json\/wp\/v2\/comments?post=6631"}],"version-history":[{"count":1,"href":"https:\/\/grandpalaceriga.com\/lv\/wp-json\/wp\/v2\/pages\/6631\/revisions"}],"predecessor-version":[{"id":9436,"href":"https:\/\/grandpalaceriga.com\/lv\/wp-json\/wp\/v2\/pages\/6631\/revisions\/9436"}],"wp:attachment":[{"href":"https:\/\/grandpalaceriga.com\/lv\/wp-json\/wp\/v2\/media?parent=6631"}],"curies":[{"name":"wp","href":"https:\/\/api.w.org\/{rel}","templated":true}]}}