{"id":6622,"date":"2014-04-21T09:58:56","date_gmt":"2014-04-21T09:58:56","guid":{"rendered":"http:\/\/grandpalaceriga.com\/lv\/schlossle-hotel-group\/st-petersbourg-hotel-tallinn-estonia\/"},"modified":"2022-11-28T15:13:25","modified_gmt":"2022-11-28T15:13:25","slug":"st-petersbourg-hotel-tallina-igaunija","status":"publish","type":"page","link":"https:\/\/grandpalaceriga.com\/lv\/schlossle-hotel-group-viesnicas\/st-petersbourg-hotel-tallina-igaunija\/","title":{"rendered":"St. Petersbourg Hotel, Tallina, Igaunija"},"content":{"rendered":"","protected":false},"excerpt":{"rendered":"<p>St. Petersbourg Hotel ir luksusa klases viesn\u012bca, kas atrodas pa\u0161\u0101 Tallinas vecpils\u0113tas sird\u012b, iemiesojot viduslaiku \u0161arma nianses.<\/p>\n","protected":false},"author":3,"featured_media":5913,"parent":6617,"menu_order":5,"comment_status":"closed","ping_status":"closed","template":"","meta":{"_acf_changed":false,"footnotes":""},"class_list":["post-6622","page","type-page","status-publish","has-post-thumbnail","hentry"],"acf":[],"yoast_head":"<!-- This site is optimized with the Yoast SEO plugin v27.3 - https:\/\/yoast.com\/product\/yoast-seo-wordpress\/ -->\n<title>St Petersbourg Hotel | Schl\u00f6ssle Hotels Group | Tallin\u0101<\/title>\n<meta name=\"description\" content=\"St. Petersbourg Hotel ir luksusa klases viesn\u012bca, kas atrodas Tallinas vecpils\u0113tas sird\u012b. Las\u012bt vair\u0101k un rezerv\u0113t tie\u0161saist\u0113!\" \/>\n<meta name=\"robots\" content=\"index, follow, max-snippet:-1, max-image-preview:large, max-video-preview:-1\" \/>\n<link rel=\"canonical\" href=\"https:\/\/grandpalaceriga.com\/lv\/schlossle-hotel-group-viesnicas\/st-petersbourg-hotel-tallina-igaunija\/\" \/>\n<meta property=\"og:locale\" content=\"lv_LV\" \/>\n<meta property=\"og:type\" content=\"article\" \/>\n<meta property=\"og:title\" content=\"St Petersbourg Hotel | Schl\u00f6ssle Hotels Group | Tallin\u0101\" \/>\n<meta property=\"og:description\" content=\"St. Petersbourg Hotel ir luksusa klases viesn\u012bca, kas atrodas Tallinas vecpils\u0113tas sird\u012b. Las\u012bt vair\u0101k un rezerv\u0113t tie\u0161saist\u0113!\" \/>\n<meta property=\"og:url\" content=\"https:\/\/grandpalaceriga.com\/lv\/schlossle-hotel-group-viesnicas\/st-petersbourg-hotel-tallina-igaunija\/\" \/>\n<meta property=\"og:site_name\" content=\"Grand Palace Hotel Riga\" \/>\n<meta property=\"article:publisher\" content=\"https:\/\/www.facebook.com\/GrandPalaceRiga\" \/>\n<meta property=\"article:modified_time\" content=\"2022-11-28T15:13:25+00:00\" \/>\n<meta property=\"og:image\" content=\"https:\/\/grandpalaceriga.com\/wp-content\/uploads\/2014\/04\/Lobby1.jpg\" \/>\n\t<meta property=\"og:image:width\" content=\"2048\" \/>\n\t<meta property=\"og:image:height\" content=\"1152\" \/>\n\t<meta property=\"og:image:type\" content=\"image\/jpeg\" \/>\n<script type=\"application\/ld+json\" class=\"yoast-schema-graph\">{\"@context\":\"https:\\\/\\\/schema.org\",\"@graph\":[{\"@type\":\"WebPage\",\"@id\":\"https:\\\/\\\/grandpalaceriga.com\\\/lv\\\/schlossle-hotel-group-viesnicas\\\/st-petersbourg-hotel-tallina-igaunija\\\/\",\"url\":\"https:\\\/\\\/grandpalaceriga.com\\\/lv\\\/schlossle-hotel-group-viesnicas\\\/st-petersbourg-hotel-tallina-igaunija\\\/\",\"name\":\"St Petersbourg Hotel | Schl\u00f6ssle Hotels Group | Tallin\u0101\",\"isPartOf\":{\"@id\":\"https:\\\/\\\/grandpalaceriga.com\\\/#website\"},\"primaryImageOfPage\":{\"@id\":\"https:\\\/\\\/grandpalaceriga.com\\\/lv\\\/schlossle-hotel-group-viesnicas\\\/st-petersbourg-hotel-tallina-igaunija\\\/#primaryimage\"},\"image\":{\"@id\":\"https:\\\/\\\/grandpalaceriga.com\\\/lv\\\/schlossle-hotel-group-viesnicas\\\/st-petersbourg-hotel-tallina-igaunija\\\/#primaryimage\"},\"thumbnailUrl\":\"https:\\\/\\\/grandpalaceriga.com\\\/wp-content\\\/uploads\\\/2014\\\/04\\\/Lobby1.jpg\",\"datePublished\":\"2014-04-21T09:58:56+00:00\",\"dateModified\":\"2022-11-28T15:13:25+00:00\",\"description\":\"St. Petersbourg Hotel ir luksusa klases viesn\u012bca, kas atrodas Tallinas vecpils\u0113tas sird\u012b. Las\u012bt vair\u0101k un rezerv\u0113t tie\u0161saist\u0113!\",\"breadcrumb\":{\"@id\":\"https:\\\/\\\/grandpalaceriga.com\\\/lv\\\/schlossle-hotel-group-viesnicas\\\/st-petersbourg-hotel-tallina-igaunija\\\/#breadcrumb\"},\"inLanguage\":\"lv-LV\",\"potentialAction\":[{\"@type\":\"ReadAction\",\"target\":[\"https:\\\/\\\/grandpalaceriga.com\\\/lv\\\/schlossle-hotel-group-viesnicas\\\/st-petersbourg-hotel-tallina-igaunija\\\/\"]}]},{\"@type\":\"ImageObject\",\"inLanguage\":\"lv-LV\",\"@id\":\"https:\\\/\\\/grandpalaceriga.com\\\/lv\\\/schlossle-hotel-group-viesnicas\\\/st-petersbourg-hotel-tallina-igaunija\\\/#primaryimage\",\"url\":\"https:\\\/\\\/grandpalaceriga.com\\\/wp-content\\\/uploads\\\/2014\\\/04\\\/Lobby1.jpg\",\"contentUrl\":\"https:\\\/\\\/grandpalaceriga.com\\\/wp-content\\\/uploads\\\/2014\\\/04\\\/Lobby1.jpg\",\"width\":2048,\"height\":1152},{\"@type\":\"BreadcrumbList\",\"@id\":\"https:\\\/\\\/grandpalaceriga.com\\\/lv\\\/schlossle-hotel-group-viesnicas\\\/st-petersbourg-hotel-tallina-igaunija\\\/#breadcrumb\",\"itemListElement\":[{\"@type\":\"ListItem\",\"position\":1,\"name\":\"Home\",\"item\":\"https:\\\/\\\/grandpalaceriga.com\\\/lv\\\/\"},{\"@type\":\"ListItem\",\"position\":2,\"name\":\"Schl\u00f6ssle Hotel Group\",\"item\":\"https:\\\/\\\/grandpalaceriga.com\\\/lv\\\/schlossle-hotel-group-viesnicas\\\/\"},{\"@type\":\"ListItem\",\"position\":3,\"name\":\"St. Petersbourg Hotel, Tallina, Igaunija\"}]},{\"@type\":\"WebSite\",\"@id\":\"https:\\\/\\\/grandpalaceriga.com\\\/#website\",\"url\":\"https:\\\/\\\/grandpalaceriga.com\\\/\",\"name\":\"Grand Palace Hotel Riga\",\"description\":\"Group\",\"potentialAction\":[{\"@type\":\"SearchAction\",\"target\":{\"@type\":\"EntryPoint\",\"urlTemplate\":\"https:\\\/\\\/grandpalaceriga.com\\\/?s={search_term_string}\"},\"query-input\":{\"@type\":\"PropertyValueSpecification\",\"valueRequired\":true,\"valueName\":\"search_term_string\"}}],\"inLanguage\":\"lv-LV\"}]}<\/script>\n<!-- \/ Yoast SEO plugin. -->","yoast_head_json":{"title":"St Petersbourg Hotel | Schl\u00f6ssle Hotels Group | Tallin\u0101","description":"St. Petersbourg Hotel ir luksusa klases viesn\u012bca, kas atrodas Tallinas vecpils\u0113tas sird\u012b. Las\u012bt vair\u0101k un rezerv\u0113t tie\u0161saist\u0113!","robots":{"index":"index","follow":"follow","max-snippet":"max-snippet:-1","max-image-preview":"max-image-preview:large","max-video-preview":"max-video-preview:-1"},"canonical":"https:\/\/grandpalaceriga.com\/lv\/schlossle-hotel-group-viesnicas\/st-petersbourg-hotel-tallina-igaunija\/","og_locale":"lv_LV","og_type":"article","og_title":"St Petersbourg Hotel | Schl\u00f6ssle Hotels Group | Tallin\u0101","og_description":"St. Petersbourg Hotel ir luksusa klases viesn\u012bca, kas atrodas Tallinas vecpils\u0113tas sird\u012b. Las\u012bt vair\u0101k un rezerv\u0113t tie\u0161saist\u0113!","og_url":"https:\/\/grandpalaceriga.com\/lv\/schlossle-hotel-group-viesnicas\/st-petersbourg-hotel-tallina-igaunija\/","og_site_name":"Grand Palace Hotel Riga","article_publisher":"https:\/\/www.facebook.com\/GrandPalaceRiga","article_modified_time":"2022-11-28T15:13:25+00:00","og_image":[{"width":2048,"height":1152,"url":"https:\/\/grandpalaceriga.com\/wp-content\/uploads\/2014\/04\/Lobby1.jpg","type":"image\/jpeg"}],"schema":{"@context":"https:\/\/schema.org","@graph":[{"@type":"WebPage","@id":"https:\/\/grandpalaceriga.com\/lv\/schlossle-hotel-group-viesnicas\/st-petersbourg-hotel-tallina-igaunija\/","url":"https:\/\/grandpalaceriga.com\/lv\/schlossle-hotel-group-viesnicas\/st-petersbourg-hotel-tallina-igaunija\/","name":"St Petersbourg Hotel | Schl\u00f6ssle Hotels Group | Tallin\u0101","isPartOf":{"@id":"https:\/\/grandpalaceriga.com\/#website"},"primaryImageOfPage":{"@id":"https:\/\/grandpalaceriga.com\/lv\/schlossle-hotel-group-viesnicas\/st-petersbourg-hotel-tallina-igaunija\/#primaryimage"},"image":{"@id":"https:\/\/grandpalaceriga.com\/lv\/schlossle-hotel-group-viesnicas\/st-petersbourg-hotel-tallina-igaunija\/#primaryimage"},"thumbnailUrl":"https:\/\/grandpalaceriga.com\/wp-content\/uploads\/2014\/04\/Lobby1.jpg","datePublished":"2014-04-21T09:58:56+00:00","dateModified":"2022-11-28T15:13:25+00:00","description":"St. Petersbourg Hotel ir luksusa klases viesn\u012bca, kas atrodas Tallinas vecpils\u0113tas sird\u012b. Las\u012bt vair\u0101k un rezerv\u0113t tie\u0161saist\u0113!","breadcrumb":{"@id":"https:\/\/grandpalaceriga.com\/lv\/schlossle-hotel-group-viesnicas\/st-petersbourg-hotel-tallina-igaunija\/#breadcrumb"},"inLanguage":"lv-LV","potentialAction":[{"@type":"ReadAction","target":["https:\/\/grandpalaceriga.com\/lv\/schlossle-hotel-group-viesnicas\/st-petersbourg-hotel-tallina-igaunija\/"]}]},{"@type":"ImageObject","inLanguage":"lv-LV","@id":"https:\/\/grandpalaceriga.com\/lv\/schlossle-hotel-group-viesnicas\/st-petersbourg-hotel-tallina-igaunija\/#primaryimage","url":"https:\/\/grandpalaceriga.com\/wp-content\/uploads\/2014\/04\/Lobby1.jpg","contentUrl":"https:\/\/grandpalaceriga.com\/wp-content\/uploads\/2014\/04\/Lobby1.jpg","width":2048,"height":1152},{"@type":"BreadcrumbList","@id":"https:\/\/grandpalaceriga.com\/lv\/schlossle-hotel-group-viesnicas\/st-petersbourg-hotel-tallina-igaunija\/#breadcrumb","itemListElement":[{"@type":"ListItem","position":1,"name":"Home","item":"https:\/\/grandpalaceriga.com\/lv\/"},{"@type":"ListItem","position":2,"name":"Schl\u00f6ssle Hotel Group","item":"https:\/\/grandpalaceriga.com\/lv\/schlossle-hotel-group-viesnicas\/"},{"@type":"ListItem","position":3,"name":"St. Petersbourg Hotel, Tallina, Igaunija"}]},{"@type":"WebSite","@id":"https:\/\/grandpalaceriga.com\/#website","url":"https:\/\/grandpalaceriga.com\/","name":"Grand Palace Hotel Riga","description":"Group","potentialAction":[{"@type":"SearchAction","target":{"@type":"EntryPoint","urlTemplate":"https:\/\/grandpalaceriga.com\/?s={search_term_string}"},"query-input":{"@type":"PropertyValueSpecification","valueRequired":true,"valueName":"search_term_string"}}],"inLanguage":"lv-LV"}]}},"_links":{"self":[{"href":"https:\/\/grandpalaceriga.com\/lv\/wp-json\/wp\/v2\/pages\/6622","targetHints":{"allow":["GET"]}}],"collection":[{"href":"https:\/\/grandpalaceriga.com\/lv\/wp-json\/wp\/v2\/pages"}],"about":[{"href":"https:\/\/grandpalaceriga.com\/lv\/wp-json\/wp\/v2\/types\/page"}],"author":[{"embeddable":true,"href":"https:\/\/grandpalaceriga.com\/lv\/wp-json\/wp\/v2\/users\/3"}],"replies":[{"embeddable":true,"href":"https:\/\/grandpalaceriga.com\/lv\/wp-json\/wp\/v2\/comments?post=6622"}],"version-history":[{"count":1,"href":"https:\/\/grandpalaceriga.com\/lv\/wp-json\/wp\/v2\/pages\/6622\/revisions"}],"predecessor-version":[{"id":14163,"href":"https:\/\/grandpalaceriga.com\/lv\/wp-json\/wp\/v2\/pages\/6622\/revisions\/14163"}],"up":[{"embeddable":true,"href":"https:\/\/grandpalaceriga.com\/lv\/wp-json\/wp\/v2\/pages\/6617"}],"wp:featuredmedia":[{"embeddable":true,"href":"https:\/\/grandpalaceriga.com\/lv\/wp-json\/wp\/v2\/media\/5913"}],"wp:attachment":[{"href":"https:\/\/grandpalaceriga.com\/lv\/wp-json\/wp\/v2\/media?parent=6622"}],"curies":[{"name":"wp","href":"https:\/\/api.w.org\/{rel}","templated":true}]}}