{"id":6615,"date":"2014-04-10T15:58:53","date_gmt":"2014-04-10T15:58:53","guid":{"rendered":"http:\/\/grandpalaceriga.com\/lv\/hotel-pictures\/"},"modified":"2023-07-11T13:13:37","modified_gmt":"2023-07-11T13:13:37","slug":"galerija","status":"publish","type":"page","link":"https:\/\/grandpalaceriga.com\/lv\/galerija\/","title":{"rendered":"VIESN\u012aCAS ATT\u0112LU GALERIJA"},"content":{"rendered":"","protected":false},"excerpt":{"rendered":"","protected":false},"author":2,"featured_media":0,"parent":0,"menu_order":15,"comment_status":"closed","ping_status":"closed","template":"template-gallery.php","meta":{"_acf_changed":false,"footnotes":""},"class_list":["post-6615","page","type-page","status-publish","hentry"],"acf":[],"yoast_head":"<!-- This site is optimized with the Yoast SEO plugin v27.3 - https:\/\/yoast.com\/product\/yoast-seo-wordpress\/ -->\n<title>Viesn\u012bcas bildes | Luksusa Grand Palace Hotel Vecr\u012bg\u0101<\/title>\n<meta name=\"description\" content=\"Grand Palace Hotel ir neliela un grezna viesn\u012bca Vecr\u012bg\u0101. Skat\u012bties viesn\u012bcu att\u0113lus un att\u0113lus par R\u012bgu. Rezerv\u0113t viesn\u012bcu tie\u0161saist\u0113.\" \/>\n<meta name=\"robots\" content=\"index, follow, max-snippet:-1, max-image-preview:large, max-video-preview:-1\" \/>\n<link rel=\"canonical\" href=\"https:\/\/grandpalaceriga.com\/lv\/galerija\/\" \/>\n<meta property=\"og:locale\" content=\"lv_LV\" \/>\n<meta property=\"og:type\" content=\"article\" \/>\n<meta property=\"og:title\" content=\"Viesn\u012bcas bildes | Luksusa Grand Palace Hotel Vecr\u012bg\u0101\" \/>\n<meta property=\"og:description\" content=\"Grand Palace Hotel ir neliela un grezna viesn\u012bca Vecr\u012bg\u0101. Skat\u012bties viesn\u012bcu att\u0113lus un att\u0113lus par R\u012bgu. Rezerv\u0113t viesn\u012bcu tie\u0161saist\u0113.\" \/>\n<meta property=\"og:url\" content=\"https:\/\/grandpalaceriga.com\/lv\/galerija\/\" \/>\n<meta property=\"og:site_name\" content=\"Grand Palace Hotel Riga\" \/>\n<meta property=\"article:publisher\" content=\"https:\/\/www.facebook.com\/GrandPalaceRiga\" \/>\n<meta property=\"article:modified_time\" content=\"2023-07-11T13:13:37+00:00\" \/>\n<meta property=\"og:image\" content=\"https:\/\/grandpalaceriga.com\/wp-content\/uploads\/2019\/10\/Superior-Twin_main.jpg\" \/>\n\t<meta property=\"og:image:width\" content=\"5389\" \/>\n\t<meta property=\"og:image:height\" content=\"3593\" \/>\n\t<meta property=\"og:image:type\" content=\"image\/jpeg\" \/>\n<script type=\"application\/ld+json\" class=\"yoast-schema-graph\">{\"@context\":\"https:\\\/\\\/schema.org\",\"@graph\":[{\"@type\":\"WebPage\",\"@id\":\"https:\\\/\\\/grandpalaceriga.com\\\/lv\\\/galerija\\\/\",\"url\":\"https:\\\/\\\/grandpalaceriga.com\\\/lv\\\/galerija\\\/\",\"name\":\"Viesn\u012bcas bildes | Luksusa Grand Palace Hotel Vecr\u012bg\u0101\",\"isPartOf\":{\"@id\":\"https:\\\/\\\/grandpalaceriga.com\\\/#website\"},\"datePublished\":\"2014-04-10T15:58:53+00:00\",\"dateModified\":\"2023-07-11T13:13:37+00:00\",\"description\":\"Grand Palace Hotel ir neliela un grezna viesn\u012bca Vecr\u012bg\u0101. Skat\u012bties viesn\u012bcu att\u0113lus un att\u0113lus par R\u012bgu. Rezerv\u0113t viesn\u012bcu tie\u0161saist\u0113.\",\"breadcrumb\":{\"@id\":\"https:\\\/\\\/grandpalaceriga.com\\\/lv\\\/galerija\\\/#breadcrumb\"},\"inLanguage\":\"lv-LV\",\"potentialAction\":[{\"@type\":\"ReadAction\",\"target\":[\"https:\\\/\\\/grandpalaceriga.com\\\/lv\\\/galerija\\\/\"]}]},{\"@type\":\"BreadcrumbList\",\"@id\":\"https:\\\/\\\/grandpalaceriga.com\\\/lv\\\/galerija\\\/#breadcrumb\",\"itemListElement\":[{\"@type\":\"ListItem\",\"position\":1,\"name\":\"Home\",\"item\":\"https:\\\/\\\/grandpalaceriga.com\\\/lv\\\/\"},{\"@type\":\"ListItem\",\"position\":2,\"name\":\"VIESN\u012aCAS ATT\u0112LU GALERIJA\"}]},{\"@type\":\"WebSite\",\"@id\":\"https:\\\/\\\/grandpalaceriga.com\\\/#website\",\"url\":\"https:\\\/\\\/grandpalaceriga.com\\\/\",\"name\":\"Grand Palace Hotel Riga\",\"description\":\"Group\",\"potentialAction\":[{\"@type\":\"SearchAction\",\"target\":{\"@type\":\"EntryPoint\",\"urlTemplate\":\"https:\\\/\\\/grandpalaceriga.com\\\/?s={search_term_string}\"},\"query-input\":{\"@type\":\"PropertyValueSpecification\",\"valueRequired\":true,\"valueName\":\"search_term_string\"}}],\"inLanguage\":\"lv-LV\"}]}<\/script>\n<!-- \/ Yoast SEO plugin. -->","yoast_head_json":{"title":"Viesn\u012bcas bildes | Luksusa Grand Palace Hotel Vecr\u012bg\u0101","description":"Grand Palace Hotel ir neliela un grezna viesn\u012bca Vecr\u012bg\u0101. Skat\u012bties viesn\u012bcu att\u0113lus un att\u0113lus par R\u012bgu. Rezerv\u0113t viesn\u012bcu tie\u0161saist\u0113.","robots":{"index":"index","follow":"follow","max-snippet":"max-snippet:-1","max-image-preview":"max-image-preview:large","max-video-preview":"max-video-preview:-1"},"canonical":"https:\/\/grandpalaceriga.com\/lv\/galerija\/","og_locale":"lv_LV","og_type":"article","og_title":"Viesn\u012bcas bildes | Luksusa Grand Palace Hotel Vecr\u012bg\u0101","og_description":"Grand Palace Hotel ir neliela un grezna viesn\u012bca Vecr\u012bg\u0101. Skat\u012bties viesn\u012bcu att\u0113lus un att\u0113lus par R\u012bgu. Rezerv\u0113t viesn\u012bcu tie\u0161saist\u0113.","og_url":"https:\/\/grandpalaceriga.com\/lv\/galerija\/","og_site_name":"Grand Palace Hotel Riga","article_publisher":"https:\/\/www.facebook.com\/GrandPalaceRiga","article_modified_time":"2023-07-11T13:13:37+00:00","og_image":[{"width":5389,"height":3593,"url":"https:\/\/grandpalaceriga.com\/wp-content\/uploads\/2019\/10\/Superior-Twin_main.jpg","type":"image\/jpeg"}],"schema":{"@context":"https:\/\/schema.org","@graph":[{"@type":"WebPage","@id":"https:\/\/grandpalaceriga.com\/lv\/galerija\/","url":"https:\/\/grandpalaceriga.com\/lv\/galerija\/","name":"Viesn\u012bcas bildes | Luksusa Grand Palace Hotel Vecr\u012bg\u0101","isPartOf":{"@id":"https:\/\/grandpalaceriga.com\/#website"},"datePublished":"2014-04-10T15:58:53+00:00","dateModified":"2023-07-11T13:13:37+00:00","description":"Grand Palace Hotel ir neliela un grezna viesn\u012bca Vecr\u012bg\u0101. Skat\u012bties viesn\u012bcu att\u0113lus un att\u0113lus par R\u012bgu. Rezerv\u0113t viesn\u012bcu tie\u0161saist\u0113.","breadcrumb":{"@id":"https:\/\/grandpalaceriga.com\/lv\/galerija\/#breadcrumb"},"inLanguage":"lv-LV","potentialAction":[{"@type":"ReadAction","target":["https:\/\/grandpalaceriga.com\/lv\/galerija\/"]}]},{"@type":"BreadcrumbList","@id":"https:\/\/grandpalaceriga.com\/lv\/galerija\/#breadcrumb","itemListElement":[{"@type":"ListItem","position":1,"name":"Home","item":"https:\/\/grandpalaceriga.com\/lv\/"},{"@type":"ListItem","position":2,"name":"VIESN\u012aCAS ATT\u0112LU GALERIJA"}]},{"@type":"WebSite","@id":"https:\/\/grandpalaceriga.com\/#website","url":"https:\/\/grandpalaceriga.com\/","name":"Grand Palace Hotel Riga","description":"Group","potentialAction":[{"@type":"SearchAction","target":{"@type":"EntryPoint","urlTemplate":"https:\/\/grandpalaceriga.com\/?s={search_term_string}"},"query-input":{"@type":"PropertyValueSpecification","valueRequired":true,"valueName":"search_term_string"}}],"inLanguage":"lv-LV"}]}},"_links":{"self":[{"href":"https:\/\/grandpalaceriga.com\/lv\/wp-json\/wp\/v2\/pages\/6615","targetHints":{"allow":["GET"]}}],"collection":[{"href":"https:\/\/grandpalaceriga.com\/lv\/wp-json\/wp\/v2\/pages"}],"about":[{"href":"https:\/\/grandpalaceriga.com\/lv\/wp-json\/wp\/v2\/types\/page"}],"author":[{"embeddable":true,"href":"https:\/\/grandpalaceriga.com\/lv\/wp-json\/wp\/v2\/users\/2"}],"replies":[{"embeddable":true,"href":"https:\/\/grandpalaceriga.com\/lv\/wp-json\/wp\/v2\/comments?post=6615"}],"version-history":[{"count":10,"href":"https:\/\/grandpalaceriga.com\/lv\/wp-json\/wp\/v2\/pages\/6615\/revisions"}],"predecessor-version":[{"id":15315,"href":"https:\/\/grandpalaceriga.com\/lv\/wp-json\/wp\/v2\/pages\/6615\/revisions\/15315"}],"wp:attachment":[{"href":"https:\/\/grandpalaceriga.com\/lv\/wp-json\/wp\/v2\/media?parent=6615"}],"curies":[{"name":"wp","href":"https:\/\/api.w.org\/{rel}","templated":true}]}}