{"id":6525,"date":"2016-02-10T13:52:15","date_gmt":"2016-02-10T13:52:15","guid":{"rendered":"http:\/\/grandpalaceriga.com\/lv\/notikumi\/menus-and-wine-list\/"},"modified":"2022-11-28T14:58:26","modified_gmt":"2022-11-28T14:58:26","slug":"edienkartes-un-vina-saraksts","status":"publish","type":"page","link":"https:\/\/grandpalaceriga.com\/lv\/edienkartes-un-vina-saraksts\/","title":{"rendered":"\u0112dienkartes un V\u012bna saraksts"},"content":{"rendered":"","protected":false},"excerpt":{"rendered":"","protected":false},"author":9,"featured_media":0,"parent":0,"menu_order":0,"comment_status":"closed","ping_status":"closed","template":"","meta":{"_acf_changed":false,"footnotes":""},"class_list":["post-6525","page","type-page","status-publish","hentry"],"acf":[],"yoast_head":"<!-- This site is optimized with the Yoast SEO plugin v27.3 - https:\/\/yoast.com\/product\/yoast-seo-wordpress\/ -->\n<title>Kafijas pauzes, \u0113dienkartes, dz\u0113rienkartes | Grand Palace Hotel<\/title>\n<meta name=\"description\" content=\"Ja pl\u0101nojiet konferenci vai pas\u0101kumu R\u012bg\u0101, \u0161eit J\u016bs atrad\u012bsiet kafijas pau\u017eu, pusdienu un vakari\u0146u pied\u0101v\u0101jumus. 5* Grand Palace Hotel\" \/>\n<meta name=\"robots\" content=\"index, follow, max-snippet:-1, max-image-preview:large, max-video-preview:-1\" \/>\n<link rel=\"canonical\" href=\"https:\/\/grandpalaceriga.com\/lv\/edienkartes-un-vina-saraksts\/\" \/>\n<meta property=\"og:locale\" content=\"lv_LV\" \/>\n<meta property=\"og:type\" content=\"article\" \/>\n<meta property=\"og:title\" content=\"Kafijas pauzes, \u0113dienkartes, dz\u0113rienkartes | Grand Palace Hotel\" \/>\n<meta property=\"og:description\" content=\"Ja pl\u0101nojiet konferenci vai pas\u0101kumu R\u012bg\u0101, \u0161eit J\u016bs atrad\u012bsiet kafijas pau\u017eu, pusdienu un vakari\u0146u pied\u0101v\u0101jumus. 5* Grand Palace Hotel\" \/>\n<meta property=\"og:url\" content=\"https:\/\/grandpalaceriga.com\/lv\/edienkartes-un-vina-saraksts\/\" \/>\n<meta property=\"og:site_name\" content=\"Grand Palace Hotel Riga\" \/>\n<meta property=\"article:publisher\" content=\"https:\/\/www.facebook.com\/GrandPalaceRiga\" \/>\n<meta property=\"article:modified_time\" content=\"2022-11-28T14:58:26+00:00\" \/>\n<meta property=\"og:image\" content=\"https:\/\/grandpalaceriga.com\/wp-content\/uploads\/2019\/10\/Superior-Twin_main.jpg\" \/>\n\t<meta property=\"og:image:width\" content=\"5389\" \/>\n\t<meta property=\"og:image:height\" content=\"3593\" \/>\n\t<meta property=\"og:image:type\" content=\"image\/jpeg\" \/>\n<script type=\"application\/ld+json\" class=\"yoast-schema-graph\">{\"@context\":\"https:\\\/\\\/schema.org\",\"@graph\":[{\"@type\":\"WebPage\",\"@id\":\"https:\\\/\\\/grandpalaceriga.com\\\/lv\\\/edienkartes-un-vina-saraksts\\\/\",\"url\":\"https:\\\/\\\/grandpalaceriga.com\\\/lv\\\/edienkartes-un-vina-saraksts\\\/\",\"name\":\"Kafijas pauzes, \u0113dienkartes, dz\u0113rienkartes | Grand Palace Hotel\",\"isPartOf\":{\"@id\":\"https:\\\/\\\/grandpalaceriga.com\\\/#website\"},\"datePublished\":\"2016-02-10T13:52:15+00:00\",\"dateModified\":\"2022-11-28T14:58:26+00:00\",\"description\":\"Ja pl\u0101nojiet konferenci vai pas\u0101kumu R\u012bg\u0101, \u0161eit J\u016bs atrad\u012bsiet kafijas pau\u017eu, pusdienu un vakari\u0146u pied\u0101v\u0101jumus. 5* Grand Palace Hotel\",\"breadcrumb\":{\"@id\":\"https:\\\/\\\/grandpalaceriga.com\\\/lv\\\/edienkartes-un-vina-saraksts\\\/#breadcrumb\"},\"inLanguage\":\"lv-LV\",\"potentialAction\":[{\"@type\":\"ReadAction\",\"target\":[\"https:\\\/\\\/grandpalaceriga.com\\\/lv\\\/edienkartes-un-vina-saraksts\\\/\"]}]},{\"@type\":\"BreadcrumbList\",\"@id\":\"https:\\\/\\\/grandpalaceriga.com\\\/lv\\\/edienkartes-un-vina-saraksts\\\/#breadcrumb\",\"itemListElement\":[{\"@type\":\"ListItem\",\"position\":1,\"name\":\"Home\",\"item\":\"https:\\\/\\\/grandpalaceriga.com\\\/lv\\\/\"},{\"@type\":\"ListItem\",\"position\":2,\"name\":\"\u0112dienkartes un V\u012bna saraksts\"}]},{\"@type\":\"WebSite\",\"@id\":\"https:\\\/\\\/grandpalaceriga.com\\\/#website\",\"url\":\"https:\\\/\\\/grandpalaceriga.com\\\/\",\"name\":\"Grand Palace Hotel Riga\",\"description\":\"Group\",\"potentialAction\":[{\"@type\":\"SearchAction\",\"target\":{\"@type\":\"EntryPoint\",\"urlTemplate\":\"https:\\\/\\\/grandpalaceriga.com\\\/?s={search_term_string}\"},\"query-input\":{\"@type\":\"PropertyValueSpecification\",\"valueRequired\":true,\"valueName\":\"search_term_string\"}}],\"inLanguage\":\"lv-LV\"}]}<\/script>\n<!-- \/ Yoast SEO plugin. -->","yoast_head_json":{"title":"Kafijas pauzes, \u0113dienkartes, dz\u0113rienkartes | Grand Palace Hotel","description":"Ja pl\u0101nojiet konferenci vai pas\u0101kumu R\u012bg\u0101, \u0161eit J\u016bs atrad\u012bsiet kafijas pau\u017eu, pusdienu un vakari\u0146u pied\u0101v\u0101jumus. 5* Grand Palace Hotel","robots":{"index":"index","follow":"follow","max-snippet":"max-snippet:-1","max-image-preview":"max-image-preview:large","max-video-preview":"max-video-preview:-1"},"canonical":"https:\/\/grandpalaceriga.com\/lv\/edienkartes-un-vina-saraksts\/","og_locale":"lv_LV","og_type":"article","og_title":"Kafijas pauzes, \u0113dienkartes, dz\u0113rienkartes | Grand Palace Hotel","og_description":"Ja pl\u0101nojiet konferenci vai pas\u0101kumu R\u012bg\u0101, \u0161eit J\u016bs atrad\u012bsiet kafijas pau\u017eu, pusdienu un vakari\u0146u pied\u0101v\u0101jumus. 5* Grand Palace Hotel","og_url":"https:\/\/grandpalaceriga.com\/lv\/edienkartes-un-vina-saraksts\/","og_site_name":"Grand Palace Hotel Riga","article_publisher":"https:\/\/www.facebook.com\/GrandPalaceRiga","article_modified_time":"2022-11-28T14:58:26+00:00","og_image":[{"width":5389,"height":3593,"url":"https:\/\/grandpalaceriga.com\/wp-content\/uploads\/2019\/10\/Superior-Twin_main.jpg","type":"image\/jpeg"}],"schema":{"@context":"https:\/\/schema.org","@graph":[{"@type":"WebPage","@id":"https:\/\/grandpalaceriga.com\/lv\/edienkartes-un-vina-saraksts\/","url":"https:\/\/grandpalaceriga.com\/lv\/edienkartes-un-vina-saraksts\/","name":"Kafijas pauzes, \u0113dienkartes, dz\u0113rienkartes | Grand Palace Hotel","isPartOf":{"@id":"https:\/\/grandpalaceriga.com\/#website"},"datePublished":"2016-02-10T13:52:15+00:00","dateModified":"2022-11-28T14:58:26+00:00","description":"Ja pl\u0101nojiet konferenci vai pas\u0101kumu R\u012bg\u0101, \u0161eit J\u016bs atrad\u012bsiet kafijas pau\u017eu, pusdienu un vakari\u0146u pied\u0101v\u0101jumus. 5* Grand Palace Hotel","breadcrumb":{"@id":"https:\/\/grandpalaceriga.com\/lv\/edienkartes-un-vina-saraksts\/#breadcrumb"},"inLanguage":"lv-LV","potentialAction":[{"@type":"ReadAction","target":["https:\/\/grandpalaceriga.com\/lv\/edienkartes-un-vina-saraksts\/"]}]},{"@type":"BreadcrumbList","@id":"https:\/\/grandpalaceriga.com\/lv\/edienkartes-un-vina-saraksts\/#breadcrumb","itemListElement":[{"@type":"ListItem","position":1,"name":"Home","item":"https:\/\/grandpalaceriga.com\/lv\/"},{"@type":"ListItem","position":2,"name":"\u0112dienkartes un V\u012bna saraksts"}]},{"@type":"WebSite","@id":"https:\/\/grandpalaceriga.com\/#website","url":"https:\/\/grandpalaceriga.com\/","name":"Grand Palace Hotel Riga","description":"Group","potentialAction":[{"@type":"SearchAction","target":{"@type":"EntryPoint","urlTemplate":"https:\/\/grandpalaceriga.com\/?s={search_term_string}"},"query-input":{"@type":"PropertyValueSpecification","valueRequired":true,"valueName":"search_term_string"}}],"inLanguage":"lv-LV"}]}},"_links":{"self":[{"href":"https:\/\/grandpalaceriga.com\/lv\/wp-json\/wp\/v2\/pages\/6525","targetHints":{"allow":["GET"]}}],"collection":[{"href":"https:\/\/grandpalaceriga.com\/lv\/wp-json\/wp\/v2\/pages"}],"about":[{"href":"https:\/\/grandpalaceriga.com\/lv\/wp-json\/wp\/v2\/types\/page"}],"author":[{"embeddable":true,"href":"https:\/\/grandpalaceriga.com\/lv\/wp-json\/wp\/v2\/users\/9"}],"replies":[{"embeddable":true,"href":"https:\/\/grandpalaceriga.com\/lv\/wp-json\/wp\/v2\/comments?post=6525"}],"version-history":[{"count":4,"href":"https:\/\/grandpalaceriga.com\/lv\/wp-json\/wp\/v2\/pages\/6525\/revisions"}],"predecessor-version":[{"id":13441,"href":"https:\/\/grandpalaceriga.com\/lv\/wp-json\/wp\/v2\/pages\/6525\/revisions\/13441"}],"wp:attachment":[{"href":"https:\/\/grandpalaceriga.com\/lv\/wp-json\/wp\/v2\/media?parent=6525"}],"curies":[{"name":"wp","href":"https:\/\/api.w.org\/{rel}","templated":true}]}}