{"id":6522,"date":"2016-01-05T11:16:34","date_gmt":"2016-01-05T11:16:34","guid":{"rendered":"http:\/\/grandpalaceriga.com\/lv\/notikumi\/outside-catering\/"},"modified":"2022-11-28T15:02:40","modified_gmt":"2022-11-28T15:02:40","slug":"izbraukuma-edinasana","status":"publish","type":"page","link":"https:\/\/grandpalaceriga.com\/lv\/notikumi-riga\/izbraukuma-edinasana\/","title":{"rendered":"Izbraukuma \u0113din\u0101\u0161ana"},"content":{"rendered":"","protected":false},"excerpt":{"rendered":"<p>Grand Palace Hotel nodro\u0161in\u0101s nevainojamus \u0113din\u0101\u0161anas pakalpojumus ar\u012b J\u016bsu m\u0101j\u0101s, darbaviet\u0101 vai jebkur\u0101 cit\u0101 viet\u0101.<\/p>\n","protected":false},"author":9,"featured_media":5573,"parent":10412,"menu_order":0,"comment_status":"closed","ping_status":"closed","template":"","meta":{"_acf_changed":false,"footnotes":""},"class_list":["post-6522","page","type-page","status-publish","has-post-thumbnail","hentry"],"acf":[],"yoast_head":"<!-- This site is optimized with the Yoast SEO plugin v27.3 - https:\/\/yoast.com\/product\/yoast-seo-wordpress\/ -->\n<title>Izbraukuma banketi | Grand Palace Hotel | 5 zvaigznes | R\u012bg\u0101<\/title>\n<meta name=\"description\" content=\"5* Grand Palace Hotel nodro\u0161in\u0101s nevainojamus \u0113din\u0101\u0161anas pakalpojumus ar\u012b J\u016bsu m\u0101j\u0101s, darbaviet\u0101 vai jebkur\u0101 cit\u0101 viet\u0101. Pils iela 12, R\u012bga, Latvija\" \/>\n<meta name=\"robots\" content=\"index, follow, max-snippet:-1, max-image-preview:large, max-video-preview:-1\" \/>\n<link rel=\"canonical\" href=\"https:\/\/grandpalaceriga.com\/lv\/notikumi-riga\/izbraukuma-edinasana\/\" \/>\n<meta property=\"og:locale\" content=\"lv_LV\" \/>\n<meta property=\"og:type\" content=\"article\" \/>\n<meta property=\"og:title\" content=\"Izbraukuma banketi | Grand Palace Hotel | 5 zvaigznes | R\u012bg\u0101\" \/>\n<meta property=\"og:description\" content=\"5* Grand Palace Hotel nodro\u0161in\u0101s nevainojamus \u0113din\u0101\u0161anas pakalpojumus ar\u012b J\u016bsu m\u0101j\u0101s, darbaviet\u0101 vai jebkur\u0101 cit\u0101 viet\u0101. Pils iela 12, R\u012bga, Latvija\" \/>\n<meta property=\"og:url\" content=\"https:\/\/grandpalaceriga.com\/lv\/notikumi-riga\/izbraukuma-edinasana\/\" \/>\n<meta property=\"og:site_name\" content=\"Grand Palace Hotel Riga\" \/>\n<meta property=\"article:publisher\" content=\"https:\/\/www.facebook.com\/GrandPalaceRiga\" \/>\n<meta property=\"article:modified_time\" content=\"2022-11-28T15:02:40+00:00\" \/>\n<meta property=\"og:image\" content=\"https:\/\/grandpalaceriga.com\/wp-content\/uploads\/2014\/04\/Grand_Palace_Hotel_SUITE_Summer_Terrace_2.jpg\" \/>\n\t<meta property=\"og:image:width\" content=\"2048\" \/>\n\t<meta property=\"og:image:height\" content=\"1152\" \/>\n\t<meta property=\"og:image:type\" content=\"image\/jpeg\" \/>\n<script type=\"application\/ld+json\" class=\"yoast-schema-graph\">{\"@context\":\"https:\\\/\\\/schema.org\",\"@graph\":[{\"@type\":\"WebPage\",\"@id\":\"https:\\\/\\\/grandpalaceriga.com\\\/lv\\\/notikumi-riga\\\/izbraukuma-edinasana\\\/\",\"url\":\"https:\\\/\\\/grandpalaceriga.com\\\/lv\\\/notikumi-riga\\\/izbraukuma-edinasana\\\/\",\"name\":\"Izbraukuma banketi | Grand Palace Hotel | 5 zvaigznes | R\u012bg\u0101\",\"isPartOf\":{\"@id\":\"https:\\\/\\\/grandpalaceriga.com\\\/#website\"},\"primaryImageOfPage\":{\"@id\":\"https:\\\/\\\/grandpalaceriga.com\\\/lv\\\/notikumi-riga\\\/izbraukuma-edinasana\\\/#primaryimage\"},\"image\":{\"@id\":\"https:\\\/\\\/grandpalaceriga.com\\\/lv\\\/notikumi-riga\\\/izbraukuma-edinasana\\\/#primaryimage\"},\"thumbnailUrl\":\"https:\\\/\\\/grandpalaceriga.com\\\/wp-content\\\/uploads\\\/2014\\\/04\\\/Grand_Palace_Hotel_SUITE_Summer_Terrace_2.jpg\",\"datePublished\":\"2016-01-05T11:16:34+00:00\",\"dateModified\":\"2022-11-28T15:02:40+00:00\",\"description\":\"5* Grand Palace Hotel nodro\u0161in\u0101s nevainojamus \u0113din\u0101\u0161anas pakalpojumus ar\u012b J\u016bsu m\u0101j\u0101s, darbaviet\u0101 vai jebkur\u0101 cit\u0101 viet\u0101. Pils iela 12, R\u012bga, Latvija\",\"breadcrumb\":{\"@id\":\"https:\\\/\\\/grandpalaceriga.com\\\/lv\\\/notikumi-riga\\\/izbraukuma-edinasana\\\/#breadcrumb\"},\"inLanguage\":\"lv-LV\",\"potentialAction\":[{\"@type\":\"ReadAction\",\"target\":[\"https:\\\/\\\/grandpalaceriga.com\\\/lv\\\/notikumi-riga\\\/izbraukuma-edinasana\\\/\"]}]},{\"@type\":\"ImageObject\",\"inLanguage\":\"lv-LV\",\"@id\":\"https:\\\/\\\/grandpalaceriga.com\\\/lv\\\/notikumi-riga\\\/izbraukuma-edinasana\\\/#primaryimage\",\"url\":\"https:\\\/\\\/grandpalaceriga.com\\\/wp-content\\\/uploads\\\/2014\\\/04\\\/Grand_Palace_Hotel_SUITE_Summer_Terrace_2.jpg\",\"contentUrl\":\"https:\\\/\\\/grandpalaceriga.com\\\/wp-content\\\/uploads\\\/2014\\\/04\\\/Grand_Palace_Hotel_SUITE_Summer_Terrace_2.jpg\",\"width\":2048,\"height\":1152},{\"@type\":\"BreadcrumbList\",\"@id\":\"https:\\\/\\\/grandpalaceriga.com\\\/lv\\\/notikumi-riga\\\/izbraukuma-edinasana\\\/#breadcrumb\",\"itemListElement\":[{\"@type\":\"ListItem\",\"position\":1,\"name\":\"Home\",\"item\":\"https:\\\/\\\/grandpalaceriga.com\\\/lv\\\/\"},{\"@type\":\"ListItem\",\"position\":2,\"name\":\"Konferences un pas\u0101kumi\",\"item\":\"https:\\\/\\\/grandpalaceriga.com\\\/lv\\\/notikumi-riga\\\/\"},{\"@type\":\"ListItem\",\"position\":3,\"name\":\"Izbraukuma \u0113din\u0101\u0161ana\"}]},{\"@type\":\"WebSite\",\"@id\":\"https:\\\/\\\/grandpalaceriga.com\\\/#website\",\"url\":\"https:\\\/\\\/grandpalaceriga.com\\\/\",\"name\":\"Grand Palace Hotel Riga\",\"description\":\"Group\",\"potentialAction\":[{\"@type\":\"SearchAction\",\"target\":{\"@type\":\"EntryPoint\",\"urlTemplate\":\"https:\\\/\\\/grandpalaceriga.com\\\/?s={search_term_string}\"},\"query-input\":{\"@type\":\"PropertyValueSpecification\",\"valueRequired\":true,\"valueName\":\"search_term_string\"}}],\"inLanguage\":\"lv-LV\"}]}<\/script>\n<!-- \/ Yoast SEO plugin. -->","yoast_head_json":{"title":"Izbraukuma banketi | Grand Palace Hotel | 5 zvaigznes | R\u012bg\u0101","description":"5* Grand Palace Hotel nodro\u0161in\u0101s nevainojamus \u0113din\u0101\u0161anas pakalpojumus ar\u012b J\u016bsu m\u0101j\u0101s, darbaviet\u0101 vai jebkur\u0101 cit\u0101 viet\u0101. Pils iela 12, R\u012bga, Latvija","robots":{"index":"index","follow":"follow","max-snippet":"max-snippet:-1","max-image-preview":"max-image-preview:large","max-video-preview":"max-video-preview:-1"},"canonical":"https:\/\/grandpalaceriga.com\/lv\/notikumi-riga\/izbraukuma-edinasana\/","og_locale":"lv_LV","og_type":"article","og_title":"Izbraukuma banketi | Grand Palace Hotel | 5 zvaigznes | R\u012bg\u0101","og_description":"5* Grand Palace Hotel nodro\u0161in\u0101s nevainojamus \u0113din\u0101\u0161anas pakalpojumus ar\u012b J\u016bsu m\u0101j\u0101s, darbaviet\u0101 vai jebkur\u0101 cit\u0101 viet\u0101. Pils iela 12, R\u012bga, Latvija","og_url":"https:\/\/grandpalaceriga.com\/lv\/notikumi-riga\/izbraukuma-edinasana\/","og_site_name":"Grand Palace Hotel Riga","article_publisher":"https:\/\/www.facebook.com\/GrandPalaceRiga","article_modified_time":"2022-11-28T15:02:40+00:00","og_image":[{"width":2048,"height":1152,"url":"https:\/\/grandpalaceriga.com\/wp-content\/uploads\/2014\/04\/Grand_Palace_Hotel_SUITE_Summer_Terrace_2.jpg","type":"image\/jpeg"}],"schema":{"@context":"https:\/\/schema.org","@graph":[{"@type":"WebPage","@id":"https:\/\/grandpalaceriga.com\/lv\/notikumi-riga\/izbraukuma-edinasana\/","url":"https:\/\/grandpalaceriga.com\/lv\/notikumi-riga\/izbraukuma-edinasana\/","name":"Izbraukuma banketi | Grand Palace Hotel | 5 zvaigznes | R\u012bg\u0101","isPartOf":{"@id":"https:\/\/grandpalaceriga.com\/#website"},"primaryImageOfPage":{"@id":"https:\/\/grandpalaceriga.com\/lv\/notikumi-riga\/izbraukuma-edinasana\/#primaryimage"},"image":{"@id":"https:\/\/grandpalaceriga.com\/lv\/notikumi-riga\/izbraukuma-edinasana\/#primaryimage"},"thumbnailUrl":"https:\/\/grandpalaceriga.com\/wp-content\/uploads\/2014\/04\/Grand_Palace_Hotel_SUITE_Summer_Terrace_2.jpg","datePublished":"2016-01-05T11:16:34+00:00","dateModified":"2022-11-28T15:02:40+00:00","description":"5* Grand Palace Hotel nodro\u0161in\u0101s nevainojamus \u0113din\u0101\u0161anas pakalpojumus ar\u012b J\u016bsu m\u0101j\u0101s, darbaviet\u0101 vai jebkur\u0101 cit\u0101 viet\u0101. Pils iela 12, R\u012bga, Latvija","breadcrumb":{"@id":"https:\/\/grandpalaceriga.com\/lv\/notikumi-riga\/izbraukuma-edinasana\/#breadcrumb"},"inLanguage":"lv-LV","potentialAction":[{"@type":"ReadAction","target":["https:\/\/grandpalaceriga.com\/lv\/notikumi-riga\/izbraukuma-edinasana\/"]}]},{"@type":"ImageObject","inLanguage":"lv-LV","@id":"https:\/\/grandpalaceriga.com\/lv\/notikumi-riga\/izbraukuma-edinasana\/#primaryimage","url":"https:\/\/grandpalaceriga.com\/wp-content\/uploads\/2014\/04\/Grand_Palace_Hotel_SUITE_Summer_Terrace_2.jpg","contentUrl":"https:\/\/grandpalaceriga.com\/wp-content\/uploads\/2014\/04\/Grand_Palace_Hotel_SUITE_Summer_Terrace_2.jpg","width":2048,"height":1152},{"@type":"BreadcrumbList","@id":"https:\/\/grandpalaceriga.com\/lv\/notikumi-riga\/izbraukuma-edinasana\/#breadcrumb","itemListElement":[{"@type":"ListItem","position":1,"name":"Home","item":"https:\/\/grandpalaceriga.com\/lv\/"},{"@type":"ListItem","position":2,"name":"Konferences un pas\u0101kumi","item":"https:\/\/grandpalaceriga.com\/lv\/notikumi-riga\/"},{"@type":"ListItem","position":3,"name":"Izbraukuma \u0113din\u0101\u0161ana"}]},{"@type":"WebSite","@id":"https:\/\/grandpalaceriga.com\/#website","url":"https:\/\/grandpalaceriga.com\/","name":"Grand Palace Hotel Riga","description":"Group","potentialAction":[{"@type":"SearchAction","target":{"@type":"EntryPoint","urlTemplate":"https:\/\/grandpalaceriga.com\/?s={search_term_string}"},"query-input":{"@type":"PropertyValueSpecification","valueRequired":true,"valueName":"search_term_string"}}],"inLanguage":"lv-LV"}]}},"_links":{"self":[{"href":"https:\/\/grandpalaceriga.com\/lv\/wp-json\/wp\/v2\/pages\/6522","targetHints":{"allow":["GET"]}}],"collection":[{"href":"https:\/\/grandpalaceriga.com\/lv\/wp-json\/wp\/v2\/pages"}],"about":[{"href":"https:\/\/grandpalaceriga.com\/lv\/wp-json\/wp\/v2\/types\/page"}],"author":[{"embeddable":true,"href":"https:\/\/grandpalaceriga.com\/lv\/wp-json\/wp\/v2\/users\/9"}],"replies":[{"embeddable":true,"href":"https:\/\/grandpalaceriga.com\/lv\/wp-json\/wp\/v2\/comments?post=6522"}],"version-history":[{"count":1,"href":"https:\/\/grandpalaceriga.com\/lv\/wp-json\/wp\/v2\/pages\/6522\/revisions"}],"predecessor-version":[{"id":12226,"href":"https:\/\/grandpalaceriga.com\/lv\/wp-json\/wp\/v2\/pages\/6522\/revisions\/12226"}],"up":[{"embeddable":true,"href":"https:\/\/grandpalaceriga.com\/lv\/wp-json\/wp\/v2\/pages\/10412"}],"wp:featuredmedia":[{"embeddable":true,"href":"https:\/\/grandpalaceriga.com\/lv\/wp-json\/wp\/v2\/media\/5573"}],"wp:attachment":[{"href":"https:\/\/grandpalaceriga.com\/lv\/wp-json\/wp\/v2\/media?parent=6522"}],"curies":[{"name":"wp","href":"https:\/\/api.w.org\/{rel}","templated":true}]}}