{"id":6516,"date":"2016-01-05T07:58:00","date_gmt":"2016-01-05T07:58:00","guid":{"rendered":"http:\/\/grandpalaceriga.com\/lv\/notikumi\/celebrations-party-venues\/"},"modified":"2022-11-28T15:02:21","modified_gmt":"2022-11-28T15:02:21","slug":"svinibu-vietas-riga","status":"publish","type":"page","link":"https:\/\/grandpalaceriga.com\/lv\/pasakumi-riga\/svinibu-vietas-riga\/","title":{"rendered":"Svin\u012bbas, ball\u012btes un izbraukuma \u0113din\u0101\u0161anas pakalpojumi"},"content":{"rendered":"","protected":false},"excerpt":{"rendered":"<p>T\u0101 k\u0101 m\u0113s atrodamies pa\u0161\u0101 Vecr\u012bgas sird\u012b, Grand Palace Hotel ir ide\u0101la vieta jebkur\u0101m svin\u012bb\u0101m.<\/p>\n","protected":false},"author":9,"featured_media":9384,"parent":6511,"menu_order":0,"comment_status":"closed","ping_status":"closed","template":"","meta":{"_acf_changed":false,"footnotes":""},"class_list":["post-6516","page","type-page","status-publish","has-post-thumbnail","hentry"],"acf":[],"yoast_head":"<!-- This site is optimized with the Yoast SEO plugin v27.5 - https:\/\/yoast.com\/product\/yoast-seo-wordpress\/ -->\n<title>Svin\u012bbu pas\u0101kumi | Grand Palace Hotel ir ide\u0101lu pas\u0101kuma vietu<\/title>\n<meta name=\"description\" content=\"Dzim\u0161anas dienas svin\u012bbas, tematisk\u0101s ball\u012btes, izlaiduma svin\u012bbas vai svin\u012bga pie\u0146em\u0161ana \u2013 m\u016bsu greznaj\u0101 viesn\u012bc\u0101 sp\u0113jam sar\u012bkot jebk\u0101du pas\u0101kumu.\" \/>\n<meta name=\"robots\" content=\"index, follow, max-snippet:-1, max-image-preview:large, max-video-preview:-1\" \/>\n<link rel=\"canonical\" href=\"https:\/\/grandpalaceriga.com\/lv\/pasakumi-riga\/svinibu-vietas-riga\/\" \/>\n<meta property=\"og:locale\" content=\"lv_LV\" \/>\n<meta property=\"og:type\" content=\"article\" \/>\n<meta property=\"og:title\" content=\"Svin\u012bbu pas\u0101kumi | Grand Palace Hotel ir ide\u0101lu pas\u0101kuma vietu\" \/>\n<meta property=\"og:description\" content=\"Dzim\u0161anas dienas svin\u012bbas, tematisk\u0101s ball\u012btes, izlaiduma svin\u012bbas vai svin\u012bga pie\u0146em\u0161ana \u2013 m\u016bsu greznaj\u0101 viesn\u012bc\u0101 sp\u0113jam sar\u012bkot jebk\u0101du pas\u0101kumu.\" \/>\n<meta property=\"og:url\" content=\"https:\/\/grandpalaceriga.com\/lv\/pasakumi-riga\/svinibu-vietas-riga\/\" \/>\n<meta property=\"og:site_name\" content=\"Grand Palace Hotel Riga\" \/>\n<meta property=\"article:publisher\" content=\"https:\/\/www.facebook.com\/GrandPalaceRiga\" \/>\n<meta property=\"article:modified_time\" content=\"2022-11-28T15:02:21+00:00\" \/>\n<meta property=\"og:image\" content=\"https:\/\/grandpalaceriga.com\/wp-content\/uploads\/2015\/12\/Grand_Palace_Riga_Pils_Bar.jpg\" \/>\n\t<meta property=\"og:image:width\" content=\"2048\" \/>\n\t<meta property=\"og:image:height\" content=\"1152\" \/>\n\t<meta property=\"og:image:type\" content=\"image\/jpeg\" \/>\n<script type=\"application\/ld+json\" class=\"yoast-schema-graph\">{\"@context\":\"https:\\\/\\\/schema.org\",\"@graph\":[{\"@type\":\"WebPage\",\"@id\":\"https:\\\/\\\/grandpalaceriga.com\\\/lv\\\/pasakumi-riga\\\/svinibu-vietas-riga\\\/\",\"url\":\"https:\\\/\\\/grandpalaceriga.com\\\/lv\\\/pasakumi-riga\\\/svinibu-vietas-riga\\\/\",\"name\":\"Svin\u012bbu pas\u0101kumi | Grand Palace Hotel ir ide\u0101lu pas\u0101kuma vietu\",\"isPartOf\":{\"@id\":\"https:\\\/\\\/grandpalaceriga.com\\\/#website\"},\"primaryImageOfPage\":{\"@id\":\"https:\\\/\\\/grandpalaceriga.com\\\/lv\\\/pasakumi-riga\\\/svinibu-vietas-riga\\\/#primaryimage\"},\"image\":{\"@id\":\"https:\\\/\\\/grandpalaceriga.com\\\/lv\\\/pasakumi-riga\\\/svinibu-vietas-riga\\\/#primaryimage\"},\"thumbnailUrl\":\"https:\\\/\\\/grandpalaceriga.com\\\/wp-content\\\/uploads\\\/2015\\\/12\\\/Grand_Palace_Riga_Pils_Bar.jpg\",\"datePublished\":\"2016-01-05T07:58:00+00:00\",\"dateModified\":\"2022-11-28T15:02:21+00:00\",\"description\":\"Dzim\u0161anas dienas svin\u012bbas, tematisk\u0101s ball\u012btes, izlaiduma svin\u012bbas vai svin\u012bga pie\u0146em\u0161ana \u2013 m\u016bsu greznaj\u0101 viesn\u012bc\u0101 sp\u0113jam sar\u012bkot jebk\u0101du pas\u0101kumu.\",\"breadcrumb\":{\"@id\":\"https:\\\/\\\/grandpalaceriga.com\\\/lv\\\/pasakumi-riga\\\/svinibu-vietas-riga\\\/#breadcrumb\"},\"inLanguage\":\"lv-LV\",\"potentialAction\":[{\"@type\":\"ReadAction\",\"target\":[\"https:\\\/\\\/grandpalaceriga.com\\\/lv\\\/pasakumi-riga\\\/svinibu-vietas-riga\\\/\"]}]},{\"@type\":\"ImageObject\",\"inLanguage\":\"lv-LV\",\"@id\":\"https:\\\/\\\/grandpalaceriga.com\\\/lv\\\/pasakumi-riga\\\/svinibu-vietas-riga\\\/#primaryimage\",\"url\":\"https:\\\/\\\/grandpalaceriga.com\\\/wp-content\\\/uploads\\\/2015\\\/12\\\/Grand_Palace_Riga_Pils_Bar.jpg\",\"contentUrl\":\"https:\\\/\\\/grandpalaceriga.com\\\/wp-content\\\/uploads\\\/2015\\\/12\\\/Grand_Palace_Riga_Pils_Bar.jpg\",\"width\":2048,\"height\":1152},{\"@type\":\"BreadcrumbList\",\"@id\":\"https:\\\/\\\/grandpalaceriga.com\\\/lv\\\/pasakumi-riga\\\/svinibu-vietas-riga\\\/#breadcrumb\",\"itemListElement\":[{\"@type\":\"ListItem\",\"position\":1,\"name\":\"Home\",\"item\":\"https:\\\/\\\/grandpalaceriga.com\\\/lv\\\/\"},{\"@type\":\"ListItem\",\"position\":2,\"name\":\"Notikumi\",\"item\":\"https:\\\/\\\/grandpalaceriga.com\\\/lv\\\/pasakumi-riga\\\/\"},{\"@type\":\"ListItem\",\"position\":3,\"name\":\"Svin\u012bbas, ball\u012btes un izbraukuma \u0113din\u0101\u0161anas pakalpojumi\"}]},{\"@type\":\"WebSite\",\"@id\":\"https:\\\/\\\/grandpalaceriga.com\\\/#website\",\"url\":\"https:\\\/\\\/grandpalaceriga.com\\\/\",\"name\":\"Grand Palace Hotel Riga\",\"description\":\"Group\",\"potentialAction\":[{\"@type\":\"SearchAction\",\"target\":{\"@type\":\"EntryPoint\",\"urlTemplate\":\"https:\\\/\\\/grandpalaceriga.com\\\/?s={search_term_string}\"},\"query-input\":{\"@type\":\"PropertyValueSpecification\",\"valueRequired\":true,\"valueName\":\"search_term_string\"}}],\"inLanguage\":\"lv-LV\"}]}<\/script>\n<!-- \/ Yoast SEO plugin. -->","yoast_head_json":{"title":"Svin\u012bbu pas\u0101kumi | Grand Palace Hotel ir ide\u0101lu pas\u0101kuma vietu","description":"Dzim\u0161anas dienas svin\u012bbas, tematisk\u0101s ball\u012btes, izlaiduma svin\u012bbas vai svin\u012bga pie\u0146em\u0161ana \u2013 m\u016bsu greznaj\u0101 viesn\u012bc\u0101 sp\u0113jam sar\u012bkot jebk\u0101du pas\u0101kumu.","robots":{"index":"index","follow":"follow","max-snippet":"max-snippet:-1","max-image-preview":"max-image-preview:large","max-video-preview":"max-video-preview:-1"},"canonical":"https:\/\/grandpalaceriga.com\/lv\/pasakumi-riga\/svinibu-vietas-riga\/","og_locale":"lv_LV","og_type":"article","og_title":"Svin\u012bbu pas\u0101kumi | Grand Palace Hotel ir ide\u0101lu pas\u0101kuma vietu","og_description":"Dzim\u0161anas dienas svin\u012bbas, tematisk\u0101s ball\u012btes, izlaiduma svin\u012bbas vai svin\u012bga pie\u0146em\u0161ana \u2013 m\u016bsu greznaj\u0101 viesn\u012bc\u0101 sp\u0113jam sar\u012bkot jebk\u0101du pas\u0101kumu.","og_url":"https:\/\/grandpalaceriga.com\/lv\/pasakumi-riga\/svinibu-vietas-riga\/","og_site_name":"Grand Palace Hotel Riga","article_publisher":"https:\/\/www.facebook.com\/GrandPalaceRiga","article_modified_time":"2022-11-28T15:02:21+00:00","og_image":[{"width":2048,"height":1152,"url":"https:\/\/grandpalaceriga.com\/wp-content\/uploads\/2015\/12\/Grand_Palace_Riga_Pils_Bar.jpg","type":"image\/jpeg"}],"schema":{"@context":"https:\/\/schema.org","@graph":[{"@type":"WebPage","@id":"https:\/\/grandpalaceriga.com\/lv\/pasakumi-riga\/svinibu-vietas-riga\/","url":"https:\/\/grandpalaceriga.com\/lv\/pasakumi-riga\/svinibu-vietas-riga\/","name":"Svin\u012bbu pas\u0101kumi | Grand Palace Hotel ir ide\u0101lu pas\u0101kuma vietu","isPartOf":{"@id":"https:\/\/grandpalaceriga.com\/#website"},"primaryImageOfPage":{"@id":"https:\/\/grandpalaceriga.com\/lv\/pasakumi-riga\/svinibu-vietas-riga\/#primaryimage"},"image":{"@id":"https:\/\/grandpalaceriga.com\/lv\/pasakumi-riga\/svinibu-vietas-riga\/#primaryimage"},"thumbnailUrl":"https:\/\/grandpalaceriga.com\/wp-content\/uploads\/2015\/12\/Grand_Palace_Riga_Pils_Bar.jpg","datePublished":"2016-01-05T07:58:00+00:00","dateModified":"2022-11-28T15:02:21+00:00","description":"Dzim\u0161anas dienas svin\u012bbas, tematisk\u0101s ball\u012btes, izlaiduma svin\u012bbas vai svin\u012bga pie\u0146em\u0161ana \u2013 m\u016bsu greznaj\u0101 viesn\u012bc\u0101 sp\u0113jam sar\u012bkot jebk\u0101du pas\u0101kumu.","breadcrumb":{"@id":"https:\/\/grandpalaceriga.com\/lv\/pasakumi-riga\/svinibu-vietas-riga\/#breadcrumb"},"inLanguage":"lv-LV","potentialAction":[{"@type":"ReadAction","target":["https:\/\/grandpalaceriga.com\/lv\/pasakumi-riga\/svinibu-vietas-riga\/"]}]},{"@type":"ImageObject","inLanguage":"lv-LV","@id":"https:\/\/grandpalaceriga.com\/lv\/pasakumi-riga\/svinibu-vietas-riga\/#primaryimage","url":"https:\/\/grandpalaceriga.com\/wp-content\/uploads\/2015\/12\/Grand_Palace_Riga_Pils_Bar.jpg","contentUrl":"https:\/\/grandpalaceriga.com\/wp-content\/uploads\/2015\/12\/Grand_Palace_Riga_Pils_Bar.jpg","width":2048,"height":1152},{"@type":"BreadcrumbList","@id":"https:\/\/grandpalaceriga.com\/lv\/pasakumi-riga\/svinibu-vietas-riga\/#breadcrumb","itemListElement":[{"@type":"ListItem","position":1,"name":"Home","item":"https:\/\/grandpalaceriga.com\/lv\/"},{"@type":"ListItem","position":2,"name":"Notikumi","item":"https:\/\/grandpalaceriga.com\/lv\/pasakumi-riga\/"},{"@type":"ListItem","position":3,"name":"Svin\u012bbas, ball\u012btes un izbraukuma \u0113din\u0101\u0161anas pakalpojumi"}]},{"@type":"WebSite","@id":"https:\/\/grandpalaceriga.com\/#website","url":"https:\/\/grandpalaceriga.com\/","name":"Grand Palace Hotel Riga","description":"Group","potentialAction":[{"@type":"SearchAction","target":{"@type":"EntryPoint","urlTemplate":"https:\/\/grandpalaceriga.com\/?s={search_term_string}"},"query-input":{"@type":"PropertyValueSpecification","valueRequired":true,"valueName":"search_term_string"}}],"inLanguage":"lv-LV"}]}},"_links":{"self":[{"href":"https:\/\/grandpalaceriga.com\/lv\/wp-json\/wp\/v2\/pages\/6516","targetHints":{"allow":["GET"]}}],"collection":[{"href":"https:\/\/grandpalaceriga.com\/lv\/wp-json\/wp\/v2\/pages"}],"about":[{"href":"https:\/\/grandpalaceriga.com\/lv\/wp-json\/wp\/v2\/types\/page"}],"author":[{"embeddable":true,"href":"https:\/\/grandpalaceriga.com\/lv\/wp-json\/wp\/v2\/users\/9"}],"replies":[{"embeddable":true,"href":"https:\/\/grandpalaceriga.com\/lv\/wp-json\/wp\/v2\/comments?post=6516"}],"version-history":[{"count":1,"href":"https:\/\/grandpalaceriga.com\/lv\/wp-json\/wp\/v2\/pages\/6516\/revisions"}],"predecessor-version":[{"id":9571,"href":"https:\/\/grandpalaceriga.com\/lv\/wp-json\/wp\/v2\/pages\/6516\/revisions\/9571"}],"up":[{"embeddable":true,"href":"https:\/\/grandpalaceriga.com\/lv\/wp-json\/wp\/v2\/pages\/6511"}],"wp:featuredmedia":[{"embeddable":true,"href":"https:\/\/grandpalaceriga.com\/lv\/wp-json\/wp\/v2\/media\/9384"}],"wp:attachment":[{"href":"https:\/\/grandpalaceriga.com\/lv\/wp-json\/wp\/v2\/media?parent=6516"}],"curies":[{"name":"wp","href":"https:\/\/api.w.org\/{rel}","templated":true}]}}