{"id":6496,"date":"2014-04-10T15:58:53","date_gmt":"2014-04-10T15:58:53","guid":{"rendered":"http:\/\/grandpalaceriga.com\/lv\/riga-restaurants\/"},"modified":"2023-04-13T11:48:47","modified_gmt":"2023-04-13T11:48:47","slug":"vakarinas","status":"publish","type":"page","link":"https:\/\/grandpalaceriga.com\/lv\/vakarinas\/","title":{"rendered":"Restor\u0101ni un b\u0101rs"},"content":{"rendered":"","protected":false},"excerpt":{"rendered":"<p>Culinary delights in one place<\/p>\n","protected":false},"author":2,"featured_media":0,"parent":0,"menu_order":0,"comment_status":"closed","ping_status":"closed","template":"template-dining.php","meta":{"_acf_changed":false,"footnotes":""},"class_list":["post-6496","page","type-page","status-publish","hentry"],"acf":[],"yoast_head":"<!-- This site is optimized with the Yoast SEO plugin v27.3 - https:\/\/yoast.com\/product\/yoast-seo-wordpress\/ -->\n<title>R\u012bgas restor\u0101ni | Lab\u0101kais restor\u0101ns Grand Palace hotel<\/title>\n<meta name=\"description\" content=\"Lab\u0101kie R\u012bgas restor\u0101ni Vecr\u012bg\u0101. Izbaudient kafiju vai kokt\u0113li vasaras teras\u0113. Apskat\u012bt bildes un \u0113dienkarti. Pils iela 12, R\u012bga, LV-1050, Latvija\" \/>\n<meta name=\"robots\" content=\"index, follow, max-snippet:-1, max-image-preview:large, max-video-preview:-1\" \/>\n<link rel=\"canonical\" href=\"https:\/\/grandpalaceriga.com\/lv\/vakarinas\/\" \/>\n<meta property=\"og:locale\" content=\"lv_LV\" \/>\n<meta property=\"og:type\" content=\"article\" \/>\n<meta property=\"og:title\" content=\"R\u012bgas restor\u0101ni | Lab\u0101kais restor\u0101ns Grand Palace hotel\" \/>\n<meta property=\"og:description\" content=\"Lab\u0101kie R\u012bgas restor\u0101ni Vecr\u012bg\u0101. Izbaudient kafiju vai kokt\u0113li vasaras teras\u0113. Apskat\u012bt bildes un \u0113dienkarti. Pils iela 12, R\u012bga, LV-1050, Latvija\" \/>\n<meta property=\"og:url\" content=\"https:\/\/grandpalaceriga.com\/lv\/vakarinas\/\" \/>\n<meta property=\"og:site_name\" content=\"Grand Palace Hotel Riga\" \/>\n<meta property=\"article:publisher\" content=\"https:\/\/www.facebook.com\/GrandPalaceRiga\" \/>\n<meta property=\"article:modified_time\" content=\"2023-04-13T11:48:47+00:00\" \/>\n<meta property=\"og:image\" content=\"https:\/\/grandpalaceriga.com\/wp-content\/uploads\/2019\/10\/Superior-Twin_main.jpg\" \/>\n\t<meta property=\"og:image:width\" content=\"5389\" \/>\n\t<meta property=\"og:image:height\" content=\"3593\" \/>\n\t<meta property=\"og:image:type\" content=\"image\/jpeg\" \/>\n<script type=\"application\/ld+json\" class=\"yoast-schema-graph\">{\"@context\":\"https:\\\/\\\/schema.org\",\"@graph\":[{\"@type\":\"WebPage\",\"@id\":\"https:\\\/\\\/grandpalaceriga.com\\\/lv\\\/vakarinas\\\/\",\"url\":\"https:\\\/\\\/grandpalaceriga.com\\\/lv\\\/vakarinas\\\/\",\"name\":\"R\u012bgas restor\u0101ni | Lab\u0101kais restor\u0101ns Grand Palace hotel\",\"isPartOf\":{\"@id\":\"https:\\\/\\\/grandpalaceriga.com\\\/#website\"},\"datePublished\":\"2014-04-10T15:58:53+00:00\",\"dateModified\":\"2023-04-13T11:48:47+00:00\",\"description\":\"Lab\u0101kie R\u012bgas restor\u0101ni Vecr\u012bg\u0101. Izbaudient kafiju vai kokt\u0113li vasaras teras\u0113. Apskat\u012bt bildes un \u0113dienkarti. Pils iela 12, R\u012bga, LV-1050, Latvija\",\"breadcrumb\":{\"@id\":\"https:\\\/\\\/grandpalaceriga.com\\\/lv\\\/vakarinas\\\/#breadcrumb\"},\"inLanguage\":\"lv-LV\",\"potentialAction\":[{\"@type\":\"ReadAction\",\"target\":[\"https:\\\/\\\/grandpalaceriga.com\\\/lv\\\/vakarinas\\\/\"]}]},{\"@type\":\"BreadcrumbList\",\"@id\":\"https:\\\/\\\/grandpalaceriga.com\\\/lv\\\/vakarinas\\\/#breadcrumb\",\"itemListElement\":[{\"@type\":\"ListItem\",\"position\":1,\"name\":\"Home\",\"item\":\"https:\\\/\\\/grandpalaceriga.com\\\/lv\\\/\"},{\"@type\":\"ListItem\",\"position\":2,\"name\":\"Restor\u0101ni un b\u0101rs\"}]},{\"@type\":\"WebSite\",\"@id\":\"https:\\\/\\\/grandpalaceriga.com\\\/#website\",\"url\":\"https:\\\/\\\/grandpalaceriga.com\\\/\",\"name\":\"Grand Palace Hotel Riga\",\"description\":\"Group\",\"potentialAction\":[{\"@type\":\"SearchAction\",\"target\":{\"@type\":\"EntryPoint\",\"urlTemplate\":\"https:\\\/\\\/grandpalaceriga.com\\\/?s={search_term_string}\"},\"query-input\":{\"@type\":\"PropertyValueSpecification\",\"valueRequired\":true,\"valueName\":\"search_term_string\"}}],\"inLanguage\":\"lv-LV\"}]}<\/script>\n<!-- \/ Yoast SEO plugin. -->","yoast_head_json":{"title":"R\u012bgas restor\u0101ni | Lab\u0101kais restor\u0101ns Grand Palace hotel","description":"Lab\u0101kie R\u012bgas restor\u0101ni Vecr\u012bg\u0101. Izbaudient kafiju vai kokt\u0113li vasaras teras\u0113. Apskat\u012bt bildes un \u0113dienkarti. Pils iela 12, R\u012bga, LV-1050, Latvija","robots":{"index":"index","follow":"follow","max-snippet":"max-snippet:-1","max-image-preview":"max-image-preview:large","max-video-preview":"max-video-preview:-1"},"canonical":"https:\/\/grandpalaceriga.com\/lv\/vakarinas\/","og_locale":"lv_LV","og_type":"article","og_title":"R\u012bgas restor\u0101ni | Lab\u0101kais restor\u0101ns Grand Palace hotel","og_description":"Lab\u0101kie R\u012bgas restor\u0101ni Vecr\u012bg\u0101. Izbaudient kafiju vai kokt\u0113li vasaras teras\u0113. Apskat\u012bt bildes un \u0113dienkarti. Pils iela 12, R\u012bga, LV-1050, Latvija","og_url":"https:\/\/grandpalaceriga.com\/lv\/vakarinas\/","og_site_name":"Grand Palace Hotel Riga","article_publisher":"https:\/\/www.facebook.com\/GrandPalaceRiga","article_modified_time":"2023-04-13T11:48:47+00:00","og_image":[{"width":5389,"height":3593,"url":"https:\/\/grandpalaceriga.com\/wp-content\/uploads\/2019\/10\/Superior-Twin_main.jpg","type":"image\/jpeg"}],"schema":{"@context":"https:\/\/schema.org","@graph":[{"@type":"WebPage","@id":"https:\/\/grandpalaceriga.com\/lv\/vakarinas\/","url":"https:\/\/grandpalaceriga.com\/lv\/vakarinas\/","name":"R\u012bgas restor\u0101ni | Lab\u0101kais restor\u0101ns Grand Palace hotel","isPartOf":{"@id":"https:\/\/grandpalaceriga.com\/#website"},"datePublished":"2014-04-10T15:58:53+00:00","dateModified":"2023-04-13T11:48:47+00:00","description":"Lab\u0101kie R\u012bgas restor\u0101ni Vecr\u012bg\u0101. Izbaudient kafiju vai kokt\u0113li vasaras teras\u0113. Apskat\u012bt bildes un \u0113dienkarti. Pils iela 12, R\u012bga, LV-1050, Latvija","breadcrumb":{"@id":"https:\/\/grandpalaceriga.com\/lv\/vakarinas\/#breadcrumb"},"inLanguage":"lv-LV","potentialAction":[{"@type":"ReadAction","target":["https:\/\/grandpalaceriga.com\/lv\/vakarinas\/"]}]},{"@type":"BreadcrumbList","@id":"https:\/\/grandpalaceriga.com\/lv\/vakarinas\/#breadcrumb","itemListElement":[{"@type":"ListItem","position":1,"name":"Home","item":"https:\/\/grandpalaceriga.com\/lv\/"},{"@type":"ListItem","position":2,"name":"Restor\u0101ni un b\u0101rs"}]},{"@type":"WebSite","@id":"https:\/\/grandpalaceriga.com\/#website","url":"https:\/\/grandpalaceriga.com\/","name":"Grand Palace Hotel Riga","description":"Group","potentialAction":[{"@type":"SearchAction","target":{"@type":"EntryPoint","urlTemplate":"https:\/\/grandpalaceriga.com\/?s={search_term_string}"},"query-input":{"@type":"PropertyValueSpecification","valueRequired":true,"valueName":"search_term_string"}}],"inLanguage":"lv-LV"}]}},"_links":{"self":[{"href":"https:\/\/grandpalaceriga.com\/lv\/wp-json\/wp\/v2\/pages\/6496","targetHints":{"allow":["GET"]}}],"collection":[{"href":"https:\/\/grandpalaceriga.com\/lv\/wp-json\/wp\/v2\/pages"}],"about":[{"href":"https:\/\/grandpalaceriga.com\/lv\/wp-json\/wp\/v2\/types\/page"}],"author":[{"embeddable":true,"href":"https:\/\/grandpalaceriga.com\/lv\/wp-json\/wp\/v2\/users\/2"}],"replies":[{"embeddable":true,"href":"https:\/\/grandpalaceriga.com\/lv\/wp-json\/wp\/v2\/comments?post=6496"}],"version-history":[{"count":4,"href":"https:\/\/grandpalaceriga.com\/lv\/wp-json\/wp\/v2\/pages\/6496\/revisions"}],"predecessor-version":[{"id":15100,"href":"https:\/\/grandpalaceriga.com\/lv\/wp-json\/wp\/v2\/pages\/6496\/revisions\/15100"}],"wp:attachment":[{"href":"https:\/\/grandpalaceriga.com\/lv\/wp-json\/wp\/v2\/media?parent=6496"}],"curies":[{"name":"wp","href":"https:\/\/api.w.org\/{rel}","templated":true}]}}