{"id":6493,"date":"2015-12-18T11:55:55","date_gmt":"2015-12-18T11:55:55","guid":{"rendered":"http:\/\/grandpalaceriga.com\/lv\/istabas\/in-room-arrangements\/"},"modified":"2026-04-01T11:53:54","modified_gmt":"2026-04-01T11:53:54","slug":"istabu-sagatavosana","status":"publish","type":"page","link":"https:\/\/grandpalaceriga.com\/lv\/naktsmitnes-riga\/istabu-sagatavosana\/","title":{"rendered":"Istabu sagatavo\u0161ana"},"content":{"rendered":"<p>&nbsp;<\/p>\n<p>&nbsp;<\/p>\n","protected":false},"excerpt":{"rendered":"<p>&nbsp; &nbsp;<\/p>\n","protected":false},"author":9,"featured_media":17347,"parent":6471,"menu_order":0,"comment_status":"closed","ping_status":"closed","template":"","meta":{"_acf_changed":false,"footnotes":""},"class_list":["post-6493","page","type-page","status-publish","has-post-thumbnail","hentry"],"acf":[],"yoast_head":"<!-- This site is optimized with the Yoast SEO plugin v27.3 - https:\/\/yoast.com\/product\/yoast-seo-wordpress\/ -->\n<title>Numuri\u0146a sagatavo\u0161ana Grand Palace Hotel | Luksusa 5*<\/title>\n<meta name=\"description\" content=\"Ja Jums ir gaid\u0101ms \u012bpa\u0161s notikums vai vienk\u0101r\u0161i v\u0113laties noorganiz\u0113t p\u0101rsteigumu, \u013caujiet mums pal\u012bdz\u0113t pie\u0161\u0137irt dzirksti! Las\u012bt vair\u0101k..\" \/>\n<meta name=\"robots\" content=\"index, follow, max-snippet:-1, max-image-preview:large, max-video-preview:-1\" \/>\n<link rel=\"canonical\" href=\"https:\/\/grandpalaceriga.com\/lv\/naktsmitnes-riga\/istabu-sagatavosana\/\" \/>\n<meta property=\"og:locale\" content=\"lv_LV\" \/>\n<meta property=\"og:type\" content=\"article\" \/>\n<meta property=\"og:title\" content=\"Numuri\u0146a sagatavo\u0161ana Grand Palace Hotel | Luksusa 5*\" \/>\n<meta property=\"og:description\" content=\"Ja Jums ir gaid\u0101ms \u012bpa\u0161s notikums vai vienk\u0101r\u0161i v\u0113laties noorganiz\u0113t p\u0101rsteigumu, \u013caujiet mums pal\u012bdz\u0113t pie\u0161\u0137irt dzirksti! Las\u012bt vair\u0101k..\" \/>\n<meta property=\"og:url\" content=\"https:\/\/grandpalaceriga.com\/lv\/naktsmitnes-riga\/istabu-sagatavosana\/\" \/>\n<meta property=\"og:site_name\" content=\"Grand Palace Hotel Riga\" \/>\n<meta property=\"article:publisher\" content=\"https:\/\/www.facebook.com\/GrandPalaceRiga\" \/>\n<meta property=\"article:modified_time\" content=\"2026-04-01T11:53:54+00:00\" \/>\n<meta property=\"og:image\" content=\"https:\/\/grandpalaceriga.com\/wp-content\/uploads\/2016\/01\/Services_Grand-Palace-Hotel.jpg\" \/>\n\t<meta property=\"og:image:width\" content=\"2050\" \/>\n\t<meta property=\"og:image:height\" content=\"1548\" \/>\n\t<meta property=\"og:image:type\" content=\"image\/jpeg\" \/>\n<meta name=\"twitter:label1\" content=\"Est. reading time\" \/>\n\t<meta name=\"twitter:data1\" content=\"3 min\u016btes\" \/>\n<script type=\"application\/ld+json\" class=\"yoast-schema-graph\">{\"@context\":\"https:\\\/\\\/schema.org\",\"@graph\":[{\"@type\":\"WebPage\",\"@id\":\"https:\\\/\\\/grandpalaceriga.com\\\/lv\\\/naktsmitnes-riga\\\/istabu-sagatavosana\\\/\",\"url\":\"https:\\\/\\\/grandpalaceriga.com\\\/lv\\\/naktsmitnes-riga\\\/istabu-sagatavosana\\\/\",\"name\":\"Numuri\u0146a sagatavo\u0161ana Grand Palace Hotel | Luksusa 5*\",\"isPartOf\":{\"@id\":\"https:\\\/\\\/grandpalaceriga.com\\\/#website\"},\"primaryImageOfPage\":{\"@id\":\"https:\\\/\\\/grandpalaceriga.com\\\/lv\\\/naktsmitnes-riga\\\/istabu-sagatavosana\\\/#primaryimage\"},\"image\":{\"@id\":\"https:\\\/\\\/grandpalaceriga.com\\\/lv\\\/naktsmitnes-riga\\\/istabu-sagatavosana\\\/#primaryimage\"},\"thumbnailUrl\":\"https:\\\/\\\/grandpalaceriga.com\\\/wp-content\\\/uploads\\\/2016\\\/01\\\/Services_Grand-Palace-Hotel.jpg\",\"datePublished\":\"2015-12-18T11:55:55+00:00\",\"dateModified\":\"2026-04-01T11:53:54+00:00\",\"description\":\"Ja Jums ir gaid\u0101ms \u012bpa\u0161s notikums vai vienk\u0101r\u0161i v\u0113laties noorganiz\u0113t p\u0101rsteigumu, \u013caujiet mums pal\u012bdz\u0113t pie\u0161\u0137irt dzirksti! Las\u012bt vair\u0101k..\",\"breadcrumb\":{\"@id\":\"https:\\\/\\\/grandpalaceriga.com\\\/lv\\\/naktsmitnes-riga\\\/istabu-sagatavosana\\\/#breadcrumb\"},\"inLanguage\":\"lv-LV\",\"potentialAction\":[{\"@type\":\"ReadAction\",\"target\":[\"https:\\\/\\\/grandpalaceriga.com\\\/lv\\\/naktsmitnes-riga\\\/istabu-sagatavosana\\\/\"]}]},{\"@type\":\"ImageObject\",\"inLanguage\":\"lv-LV\",\"@id\":\"https:\\\/\\\/grandpalaceriga.com\\\/lv\\\/naktsmitnes-riga\\\/istabu-sagatavosana\\\/#primaryimage\",\"url\":\"https:\\\/\\\/grandpalaceriga.com\\\/wp-content\\\/uploads\\\/2016\\\/01\\\/Services_Grand-Palace-Hotel.jpg\",\"contentUrl\":\"https:\\\/\\\/grandpalaceriga.com\\\/wp-content\\\/uploads\\\/2016\\\/01\\\/Services_Grand-Palace-Hotel.jpg\",\"width\":2050,\"height\":1548},{\"@type\":\"BreadcrumbList\",\"@id\":\"https:\\\/\\\/grandpalaceriga.com\\\/lv\\\/naktsmitnes-riga\\\/istabu-sagatavosana\\\/#breadcrumb\",\"itemListElement\":[{\"@type\":\"ListItem\",\"position\":1,\"name\":\"Home\",\"item\":\"https:\\\/\\\/grandpalaceriga.com\\\/lv\\\/\"},{\"@type\":\"ListItem\",\"position\":2,\"name\":\"Istabas\",\"item\":\"https:\\\/\\\/grandpalaceriga.com\\\/lv\\\/naktsmitnes-riga\\\/\"},{\"@type\":\"ListItem\",\"position\":3,\"name\":\"Istabu sagatavo\u0161ana\"}]},{\"@type\":\"WebSite\",\"@id\":\"https:\\\/\\\/grandpalaceriga.com\\\/#website\",\"url\":\"https:\\\/\\\/grandpalaceriga.com\\\/\",\"name\":\"Grand Palace Hotel Riga\",\"description\":\"Group\",\"potentialAction\":[{\"@type\":\"SearchAction\",\"target\":{\"@type\":\"EntryPoint\",\"urlTemplate\":\"https:\\\/\\\/grandpalaceriga.com\\\/?s={search_term_string}\"},\"query-input\":{\"@type\":\"PropertyValueSpecification\",\"valueRequired\":true,\"valueName\":\"search_term_string\"}}],\"inLanguage\":\"lv-LV\"}]}<\/script>\n<!-- \/ Yoast SEO plugin. -->","yoast_head_json":{"title":"Numuri\u0146a sagatavo\u0161ana Grand Palace Hotel | Luksusa 5*","description":"Ja Jums ir gaid\u0101ms \u012bpa\u0161s notikums vai vienk\u0101r\u0161i v\u0113laties noorganiz\u0113t p\u0101rsteigumu, \u013caujiet mums pal\u012bdz\u0113t pie\u0161\u0137irt dzirksti! Las\u012bt vair\u0101k..","robots":{"index":"index","follow":"follow","max-snippet":"max-snippet:-1","max-image-preview":"max-image-preview:large","max-video-preview":"max-video-preview:-1"},"canonical":"https:\/\/grandpalaceriga.com\/lv\/naktsmitnes-riga\/istabu-sagatavosana\/","og_locale":"lv_LV","og_type":"article","og_title":"Numuri\u0146a sagatavo\u0161ana Grand Palace Hotel | Luksusa 5*","og_description":"Ja Jums ir gaid\u0101ms \u012bpa\u0161s notikums vai vienk\u0101r\u0161i v\u0113laties noorganiz\u0113t p\u0101rsteigumu, \u013caujiet mums pal\u012bdz\u0113t pie\u0161\u0137irt dzirksti! Las\u012bt vair\u0101k..","og_url":"https:\/\/grandpalaceriga.com\/lv\/naktsmitnes-riga\/istabu-sagatavosana\/","og_site_name":"Grand Palace Hotel Riga","article_publisher":"https:\/\/www.facebook.com\/GrandPalaceRiga","article_modified_time":"2026-04-01T11:53:54+00:00","og_image":[{"width":2050,"height":1548,"url":"https:\/\/grandpalaceriga.com\/wp-content\/uploads\/2016\/01\/Services_Grand-Palace-Hotel.jpg","type":"image\/jpeg"}],"twitter_misc":{"Est. reading time":"3 min\u016btes"},"schema":{"@context":"https:\/\/schema.org","@graph":[{"@type":"WebPage","@id":"https:\/\/grandpalaceriga.com\/lv\/naktsmitnes-riga\/istabu-sagatavosana\/","url":"https:\/\/grandpalaceriga.com\/lv\/naktsmitnes-riga\/istabu-sagatavosana\/","name":"Numuri\u0146a sagatavo\u0161ana Grand Palace Hotel | Luksusa 5*","isPartOf":{"@id":"https:\/\/grandpalaceriga.com\/#website"},"primaryImageOfPage":{"@id":"https:\/\/grandpalaceriga.com\/lv\/naktsmitnes-riga\/istabu-sagatavosana\/#primaryimage"},"image":{"@id":"https:\/\/grandpalaceriga.com\/lv\/naktsmitnes-riga\/istabu-sagatavosana\/#primaryimage"},"thumbnailUrl":"https:\/\/grandpalaceriga.com\/wp-content\/uploads\/2016\/01\/Services_Grand-Palace-Hotel.jpg","datePublished":"2015-12-18T11:55:55+00:00","dateModified":"2026-04-01T11:53:54+00:00","description":"Ja Jums ir gaid\u0101ms \u012bpa\u0161s notikums vai vienk\u0101r\u0161i v\u0113laties noorganiz\u0113t p\u0101rsteigumu, \u013caujiet mums pal\u012bdz\u0113t pie\u0161\u0137irt dzirksti! Las\u012bt vair\u0101k..","breadcrumb":{"@id":"https:\/\/grandpalaceriga.com\/lv\/naktsmitnes-riga\/istabu-sagatavosana\/#breadcrumb"},"inLanguage":"lv-LV","potentialAction":[{"@type":"ReadAction","target":["https:\/\/grandpalaceriga.com\/lv\/naktsmitnes-riga\/istabu-sagatavosana\/"]}]},{"@type":"ImageObject","inLanguage":"lv-LV","@id":"https:\/\/grandpalaceriga.com\/lv\/naktsmitnes-riga\/istabu-sagatavosana\/#primaryimage","url":"https:\/\/grandpalaceriga.com\/wp-content\/uploads\/2016\/01\/Services_Grand-Palace-Hotel.jpg","contentUrl":"https:\/\/grandpalaceriga.com\/wp-content\/uploads\/2016\/01\/Services_Grand-Palace-Hotel.jpg","width":2050,"height":1548},{"@type":"BreadcrumbList","@id":"https:\/\/grandpalaceriga.com\/lv\/naktsmitnes-riga\/istabu-sagatavosana\/#breadcrumb","itemListElement":[{"@type":"ListItem","position":1,"name":"Home","item":"https:\/\/grandpalaceriga.com\/lv\/"},{"@type":"ListItem","position":2,"name":"Istabas","item":"https:\/\/grandpalaceriga.com\/lv\/naktsmitnes-riga\/"},{"@type":"ListItem","position":3,"name":"Istabu sagatavo\u0161ana"}]},{"@type":"WebSite","@id":"https:\/\/grandpalaceriga.com\/#website","url":"https:\/\/grandpalaceriga.com\/","name":"Grand Palace Hotel Riga","description":"Group","potentialAction":[{"@type":"SearchAction","target":{"@type":"EntryPoint","urlTemplate":"https:\/\/grandpalaceriga.com\/?s={search_term_string}"},"query-input":{"@type":"PropertyValueSpecification","valueRequired":true,"valueName":"search_term_string"}}],"inLanguage":"lv-LV"}]}},"_links":{"self":[{"href":"https:\/\/grandpalaceriga.com\/lv\/wp-json\/wp\/v2\/pages\/6493","targetHints":{"allow":["GET"]}}],"collection":[{"href":"https:\/\/grandpalaceriga.com\/lv\/wp-json\/wp\/v2\/pages"}],"about":[{"href":"https:\/\/grandpalaceriga.com\/lv\/wp-json\/wp\/v2\/types\/page"}],"author":[{"embeddable":true,"href":"https:\/\/grandpalaceriga.com\/lv\/wp-json\/wp\/v2\/users\/9"}],"replies":[{"embeddable":true,"href":"https:\/\/grandpalaceriga.com\/lv\/wp-json\/wp\/v2\/comments?post=6493"}],"version-history":[{"count":10,"href":"https:\/\/grandpalaceriga.com\/lv\/wp-json\/wp\/v2\/pages\/6493\/revisions"}],"predecessor-version":[{"id":17601,"href":"https:\/\/grandpalaceriga.com\/lv\/wp-json\/wp\/v2\/pages\/6493\/revisions\/17601"}],"up":[{"embeddable":true,"href":"https:\/\/grandpalaceriga.com\/lv\/wp-json\/wp\/v2\/pages\/6471"}],"wp:featuredmedia":[{"embeddable":true,"href":"https:\/\/grandpalaceriga.com\/lv\/wp-json\/wp\/v2\/media\/17347"}],"wp:attachment":[{"href":"https:\/\/grandpalaceriga.com\/lv\/wp-json\/wp\/v2\/media?parent=6493"}],"curies":[{"name":"wp","href":"https:\/\/api.w.org\/{rel}","templated":true}]}}