{"id":6471,"date":"2014-04-10T15:58:59","date_gmt":"2014-04-10T15:58:59","guid":{"rendered":"http:\/\/grandpalaceriga.com\/lv\/accommodation-riga\/"},"modified":"2023-04-13T11:30:04","modified_gmt":"2023-04-13T11:30:04","slug":"naktsmitnes-riga","status":"publish","type":"page","link":"https:\/\/grandpalaceriga.com\/lv\/naktsmitnes-riga\/","title":{"rendered":"Istabas"},"content":{"rendered":"","protected":false},"excerpt":{"rendered":"","protected":false},"author":2,"featured_media":0,"parent":0,"menu_order":1,"comment_status":"closed","ping_status":"closed","template":"template-rooms.php","meta":{"_acf_changed":false,"footnotes":""},"class_list":["post-6471","page","type-page","status-publish","hentry"],"acf":[],"yoast_head":"<!-- This site is optimized with the Yoast SEO plugin v27.3 - https:\/\/yoast.com\/product\/yoast-seo-wordpress\/ -->\n<title>Naktsm\u012btnes R\u012bg\u0101 | Luksusa Grand Palace Hotel | Pils iela 12<\/title>\n<meta name=\"description\" content=\"Naktsm\u012btnes R\u012bg\u0101 | Grand Palace Hotel ir individu\u0101li un moderni izstr\u0101d\u0101ti 56 numuri &amp; Suites. Rezerv\u0113jiet numurus tagad...\" \/>\n<meta name=\"robots\" content=\"index, follow, max-snippet:-1, max-image-preview:large, max-video-preview:-1\" \/>\n<link rel=\"canonical\" href=\"https:\/\/grandpalaceriga.com\/lv\/naktsmitnes-riga\/\" \/>\n<meta property=\"og:locale\" content=\"lv_LV\" \/>\n<meta property=\"og:type\" content=\"article\" \/>\n<meta property=\"og:title\" content=\"Naktsm\u012btnes R\u012bg\u0101 | Luksusa Grand Palace Hotel | Pils iela 12\" \/>\n<meta property=\"og:description\" content=\"Naktsm\u012btnes R\u012bg\u0101 | Grand Palace Hotel ir individu\u0101li un moderni izstr\u0101d\u0101ti 56 numuri &amp; Suites. Rezerv\u0113jiet numurus tagad...\" \/>\n<meta property=\"og:url\" content=\"https:\/\/grandpalaceriga.com\/lv\/naktsmitnes-riga\/\" \/>\n<meta property=\"og:site_name\" content=\"Grand Palace Hotel Riga\" \/>\n<meta property=\"article:publisher\" content=\"https:\/\/www.facebook.com\/GrandPalaceRiga\" \/>\n<meta property=\"article:modified_time\" content=\"2023-04-13T11:30:04+00:00\" \/>\n<meta property=\"og:image\" content=\"https:\/\/grandpalaceriga.com\/wp-content\/uploads\/2019\/10\/Superior-Twin_main.jpg\" \/>\n\t<meta property=\"og:image:width\" content=\"5389\" \/>\n\t<meta property=\"og:image:height\" content=\"3593\" \/>\n\t<meta property=\"og:image:type\" content=\"image\/jpeg\" \/>\n<script type=\"application\/ld+json\" class=\"yoast-schema-graph\">{\"@context\":\"https:\\\/\\\/schema.org\",\"@graph\":[{\"@type\":\"WebPage\",\"@id\":\"https:\\\/\\\/grandpalaceriga.com\\\/lv\\\/naktsmitnes-riga\\\/\",\"url\":\"https:\\\/\\\/grandpalaceriga.com\\\/lv\\\/naktsmitnes-riga\\\/\",\"name\":\"Naktsm\u012btnes R\u012bg\u0101 | Luksusa Grand Palace Hotel | Pils iela 12\",\"isPartOf\":{\"@id\":\"https:\\\/\\\/grandpalaceriga.com\\\/#website\"},\"datePublished\":\"2014-04-10T15:58:59+00:00\",\"dateModified\":\"2023-04-13T11:30:04+00:00\",\"description\":\"Naktsm\u012btnes R\u012bg\u0101 | Grand Palace Hotel ir individu\u0101li un moderni izstr\u0101d\u0101ti 56 numuri & Suites. Rezerv\u0113jiet numurus tagad...\",\"breadcrumb\":{\"@id\":\"https:\\\/\\\/grandpalaceriga.com\\\/lv\\\/naktsmitnes-riga\\\/#breadcrumb\"},\"inLanguage\":\"lv-LV\",\"potentialAction\":[{\"@type\":\"ReadAction\",\"target\":[\"https:\\\/\\\/grandpalaceriga.com\\\/lv\\\/naktsmitnes-riga\\\/\"]}]},{\"@type\":\"BreadcrumbList\",\"@id\":\"https:\\\/\\\/grandpalaceriga.com\\\/lv\\\/naktsmitnes-riga\\\/#breadcrumb\",\"itemListElement\":[{\"@type\":\"ListItem\",\"position\":1,\"name\":\"Home\",\"item\":\"https:\\\/\\\/grandpalaceriga.com\\\/lv\\\/\"},{\"@type\":\"ListItem\",\"position\":2,\"name\":\"Istabas\"}]},{\"@type\":\"WebSite\",\"@id\":\"https:\\\/\\\/grandpalaceriga.com\\\/#website\",\"url\":\"https:\\\/\\\/grandpalaceriga.com\\\/\",\"name\":\"Grand Palace Hotel Riga\",\"description\":\"Group\",\"potentialAction\":[{\"@type\":\"SearchAction\",\"target\":{\"@type\":\"EntryPoint\",\"urlTemplate\":\"https:\\\/\\\/grandpalaceriga.com\\\/?s={search_term_string}\"},\"query-input\":{\"@type\":\"PropertyValueSpecification\",\"valueRequired\":true,\"valueName\":\"search_term_string\"}}],\"inLanguage\":\"lv-LV\"}]}<\/script>\n<!-- \/ Yoast SEO plugin. -->","yoast_head_json":{"title":"Naktsm\u012btnes R\u012bg\u0101 | Luksusa Grand Palace Hotel | Pils iela 12","description":"Naktsm\u012btnes R\u012bg\u0101 | Grand Palace Hotel ir individu\u0101li un moderni izstr\u0101d\u0101ti 56 numuri & Suites. Rezerv\u0113jiet numurus tagad...","robots":{"index":"index","follow":"follow","max-snippet":"max-snippet:-1","max-image-preview":"max-image-preview:large","max-video-preview":"max-video-preview:-1"},"canonical":"https:\/\/grandpalaceriga.com\/lv\/naktsmitnes-riga\/","og_locale":"lv_LV","og_type":"article","og_title":"Naktsm\u012btnes R\u012bg\u0101 | Luksusa Grand Palace Hotel | Pils iela 12","og_description":"Naktsm\u012btnes R\u012bg\u0101 | Grand Palace Hotel ir individu\u0101li un moderni izstr\u0101d\u0101ti 56 numuri & Suites. Rezerv\u0113jiet numurus tagad...","og_url":"https:\/\/grandpalaceriga.com\/lv\/naktsmitnes-riga\/","og_site_name":"Grand Palace Hotel Riga","article_publisher":"https:\/\/www.facebook.com\/GrandPalaceRiga","article_modified_time":"2023-04-13T11:30:04+00:00","og_image":[{"width":5389,"height":3593,"url":"https:\/\/grandpalaceriga.com\/wp-content\/uploads\/2019\/10\/Superior-Twin_main.jpg","type":"image\/jpeg"}],"schema":{"@context":"https:\/\/schema.org","@graph":[{"@type":"WebPage","@id":"https:\/\/grandpalaceriga.com\/lv\/naktsmitnes-riga\/","url":"https:\/\/grandpalaceriga.com\/lv\/naktsmitnes-riga\/","name":"Naktsm\u012btnes R\u012bg\u0101 | Luksusa Grand Palace Hotel | Pils iela 12","isPartOf":{"@id":"https:\/\/grandpalaceriga.com\/#website"},"datePublished":"2014-04-10T15:58:59+00:00","dateModified":"2023-04-13T11:30:04+00:00","description":"Naktsm\u012btnes R\u012bg\u0101 | Grand Palace Hotel ir individu\u0101li un moderni izstr\u0101d\u0101ti 56 numuri & Suites. Rezerv\u0113jiet numurus tagad...","breadcrumb":{"@id":"https:\/\/grandpalaceriga.com\/lv\/naktsmitnes-riga\/#breadcrumb"},"inLanguage":"lv-LV","potentialAction":[{"@type":"ReadAction","target":["https:\/\/grandpalaceriga.com\/lv\/naktsmitnes-riga\/"]}]},{"@type":"BreadcrumbList","@id":"https:\/\/grandpalaceriga.com\/lv\/naktsmitnes-riga\/#breadcrumb","itemListElement":[{"@type":"ListItem","position":1,"name":"Home","item":"https:\/\/grandpalaceriga.com\/lv\/"},{"@type":"ListItem","position":2,"name":"Istabas"}]},{"@type":"WebSite","@id":"https:\/\/grandpalaceriga.com\/#website","url":"https:\/\/grandpalaceriga.com\/","name":"Grand Palace Hotel Riga","description":"Group","potentialAction":[{"@type":"SearchAction","target":{"@type":"EntryPoint","urlTemplate":"https:\/\/grandpalaceriga.com\/?s={search_term_string}"},"query-input":{"@type":"PropertyValueSpecification","valueRequired":true,"valueName":"search_term_string"}}],"inLanguage":"lv-LV"}]}},"_links":{"self":[{"href":"https:\/\/grandpalaceriga.com\/lv\/wp-json\/wp\/v2\/pages\/6471","targetHints":{"allow":["GET"]}}],"collection":[{"href":"https:\/\/grandpalaceriga.com\/lv\/wp-json\/wp\/v2\/pages"}],"about":[{"href":"https:\/\/grandpalaceriga.com\/lv\/wp-json\/wp\/v2\/types\/page"}],"author":[{"embeddable":true,"href":"https:\/\/grandpalaceriga.com\/lv\/wp-json\/wp\/v2\/users\/2"}],"replies":[{"embeddable":true,"href":"https:\/\/grandpalaceriga.com\/lv\/wp-json\/wp\/v2\/comments?post=6471"}],"version-history":[{"count":8,"href":"https:\/\/grandpalaceriga.com\/lv\/wp-json\/wp\/v2\/pages\/6471\/revisions"}],"predecessor-version":[{"id":15087,"href":"https:\/\/grandpalaceriga.com\/lv\/wp-json\/wp\/v2\/pages\/6471\/revisions\/15087"}],"wp:attachment":[{"href":"https:\/\/grandpalaceriga.com\/lv\/wp-json\/wp\/v2\/media?parent=6471"}],"curies":[{"name":"wp","href":"https:\/\/api.w.org\/{rel}","templated":true}]}}