{"id":6439,"date":"2014-04-21T09:58:42","date_gmt":"2014-04-21T09:58:42","guid":{"rendered":"http:\/\/grandpalaceriga.com\/lv\/viesnica\/hotel-awards\/"},"modified":"2024-11-11T10:04:40","modified_gmt":"2024-11-11T10:04:40","slug":"apbalvojumi","status":"publish","type":"page","link":"https:\/\/grandpalaceriga.com\/lv\/viesnica-riga\/apbalvojumi\/","title":{"rendered":"Apbalvojumi"},"content":{"rendered":"","protected":false},"excerpt":{"rendered":"","protected":false},"author":3,"featured_media":0,"parent":6427,"menu_order":0,"comment_status":"closed","ping_status":"closed","template":"","meta":{"_acf_changed":false,"footnotes":""},"class_list":["post-6439","page","type-page","status-publish","hentry"],"acf":[],"yoast_head":"<!-- This site is optimized with the Yoast SEO plugin v27.3 - https:\/\/yoast.com\/product\/yoast-seo-wordpress\/ -->\n<title>Apbalvojumi | Vado\u0161\u0101 viesn\u012bca | Grand Palace Hotel<\/title>\n<meta name=\"description\" content=\"P\u0113d\u0113jos 10 gados \u201eWorld Travel Awards\u201c par Latvijas vado\u0161o viesn\u012bcu atz\u012bt\u0101 Grand Palace Hotel atrodas biznesa un apskates objektu apvid\u016b.\" \/>\n<meta name=\"robots\" content=\"index, follow, max-snippet:-1, max-image-preview:large, max-video-preview:-1\" \/>\n<link rel=\"canonical\" href=\"https:\/\/grandpalaceriga.com\/lv\/viesnica-riga\/apbalvojumi\/\" \/>\n<meta property=\"og:locale\" content=\"lv_LV\" \/>\n<meta property=\"og:type\" content=\"article\" \/>\n<meta property=\"og:title\" content=\"Apbalvojumi | Vado\u0161\u0101 viesn\u012bca | Grand Palace Hotel\" \/>\n<meta property=\"og:description\" content=\"P\u0113d\u0113jos 10 gados \u201eWorld Travel Awards\u201c par Latvijas vado\u0161o viesn\u012bcu atz\u012bt\u0101 Grand Palace Hotel atrodas biznesa un apskates objektu apvid\u016b.\" \/>\n<meta property=\"og:url\" content=\"https:\/\/grandpalaceriga.com\/lv\/viesnica-riga\/apbalvojumi\/\" \/>\n<meta property=\"og:site_name\" content=\"Grand Palace Hotel Riga\" \/>\n<meta property=\"article:publisher\" content=\"https:\/\/www.facebook.com\/GrandPalaceRiga\" \/>\n<meta property=\"article:modified_time\" content=\"2024-11-11T10:04:40+00:00\" \/>\n<meta property=\"og:image\" content=\"https:\/\/grandpalaceriga.com\/wp-content\/uploads\/2019\/10\/Superior-Twin_main.jpg\" \/>\n\t<meta property=\"og:image:width\" content=\"5389\" \/>\n\t<meta property=\"og:image:height\" content=\"3593\" \/>\n\t<meta property=\"og:image:type\" content=\"image\/jpeg\" \/>\n<meta name=\"twitter:label1\" content=\"Est. reading time\" \/>\n\t<meta name=\"twitter:data1\" content=\"3 min\u016btes\" \/>\n<script type=\"application\/ld+json\" class=\"yoast-schema-graph\">{\"@context\":\"https:\\\/\\\/schema.org\",\"@graph\":[{\"@type\":\"WebPage\",\"@id\":\"https:\\\/\\\/grandpalaceriga.com\\\/lv\\\/viesnica-riga\\\/apbalvojumi\\\/\",\"url\":\"https:\\\/\\\/grandpalaceriga.com\\\/lv\\\/viesnica-riga\\\/apbalvojumi\\\/\",\"name\":\"Apbalvojumi | Vado\u0161\u0101 viesn\u012bca | Grand Palace Hotel\",\"isPartOf\":{\"@id\":\"https:\\\/\\\/grandpalaceriga.com\\\/#website\"},\"datePublished\":\"2014-04-21T09:58:42+00:00\",\"dateModified\":\"2024-11-11T10:04:40+00:00\",\"description\":\"P\u0113d\u0113jos 10 gados \u201eWorld Travel Awards\u201c par Latvijas vado\u0161o viesn\u012bcu atz\u012bt\u0101 Grand Palace Hotel atrodas biznesa un apskates objektu apvid\u016b.\",\"breadcrumb\":{\"@id\":\"https:\\\/\\\/grandpalaceriga.com\\\/lv\\\/viesnica-riga\\\/apbalvojumi\\\/#breadcrumb\"},\"inLanguage\":\"lv-LV\",\"potentialAction\":[{\"@type\":\"ReadAction\",\"target\":[\"https:\\\/\\\/grandpalaceriga.com\\\/lv\\\/viesnica-riga\\\/apbalvojumi\\\/\"]}]},{\"@type\":\"BreadcrumbList\",\"@id\":\"https:\\\/\\\/grandpalaceriga.com\\\/lv\\\/viesnica-riga\\\/apbalvojumi\\\/#breadcrumb\",\"itemListElement\":[{\"@type\":\"ListItem\",\"position\":1,\"name\":\"Home\",\"item\":\"https:\\\/\\\/grandpalaceriga.com\\\/lv\\\/\"},{\"@type\":\"ListItem\",\"position\":2,\"name\":\"Grand Palace Hotel viesn\u012bca\",\"item\":\"https:\\\/\\\/grandpalaceriga.com\\\/lv\\\/viesnica-riga\\\/\"},{\"@type\":\"ListItem\",\"position\":3,\"name\":\"Apbalvojumi\"}]},{\"@type\":\"WebSite\",\"@id\":\"https:\\\/\\\/grandpalaceriga.com\\\/#website\",\"url\":\"https:\\\/\\\/grandpalaceriga.com\\\/\",\"name\":\"Grand Palace Hotel Riga\",\"description\":\"Group\",\"potentialAction\":[{\"@type\":\"SearchAction\",\"target\":{\"@type\":\"EntryPoint\",\"urlTemplate\":\"https:\\\/\\\/grandpalaceriga.com\\\/?s={search_term_string}\"},\"query-input\":{\"@type\":\"PropertyValueSpecification\",\"valueRequired\":true,\"valueName\":\"search_term_string\"}}],\"inLanguage\":\"lv-LV\"}]}<\/script>\n<!-- \/ Yoast SEO plugin. -->","yoast_head_json":{"title":"Apbalvojumi | Vado\u0161\u0101 viesn\u012bca | Grand Palace Hotel","description":"P\u0113d\u0113jos 10 gados \u201eWorld Travel Awards\u201c par Latvijas vado\u0161o viesn\u012bcu atz\u012bt\u0101 Grand Palace Hotel atrodas biznesa un apskates objektu apvid\u016b.","robots":{"index":"index","follow":"follow","max-snippet":"max-snippet:-1","max-image-preview":"max-image-preview:large","max-video-preview":"max-video-preview:-1"},"canonical":"https:\/\/grandpalaceriga.com\/lv\/viesnica-riga\/apbalvojumi\/","og_locale":"lv_LV","og_type":"article","og_title":"Apbalvojumi | Vado\u0161\u0101 viesn\u012bca | Grand Palace Hotel","og_description":"P\u0113d\u0113jos 10 gados \u201eWorld Travel Awards\u201c par Latvijas vado\u0161o viesn\u012bcu atz\u012bt\u0101 Grand Palace Hotel atrodas biznesa un apskates objektu apvid\u016b.","og_url":"https:\/\/grandpalaceriga.com\/lv\/viesnica-riga\/apbalvojumi\/","og_site_name":"Grand Palace Hotel Riga","article_publisher":"https:\/\/www.facebook.com\/GrandPalaceRiga","article_modified_time":"2024-11-11T10:04:40+00:00","og_image":[{"width":5389,"height":3593,"url":"https:\/\/grandpalaceriga.com\/wp-content\/uploads\/2019\/10\/Superior-Twin_main.jpg","type":"image\/jpeg"}],"twitter_misc":{"Est. reading time":"3 min\u016btes"},"schema":{"@context":"https:\/\/schema.org","@graph":[{"@type":"WebPage","@id":"https:\/\/grandpalaceriga.com\/lv\/viesnica-riga\/apbalvojumi\/","url":"https:\/\/grandpalaceriga.com\/lv\/viesnica-riga\/apbalvojumi\/","name":"Apbalvojumi | Vado\u0161\u0101 viesn\u012bca | Grand Palace Hotel","isPartOf":{"@id":"https:\/\/grandpalaceriga.com\/#website"},"datePublished":"2014-04-21T09:58:42+00:00","dateModified":"2024-11-11T10:04:40+00:00","description":"P\u0113d\u0113jos 10 gados \u201eWorld Travel Awards\u201c par Latvijas vado\u0161o viesn\u012bcu atz\u012bt\u0101 Grand Palace Hotel atrodas biznesa un apskates objektu apvid\u016b.","breadcrumb":{"@id":"https:\/\/grandpalaceriga.com\/lv\/viesnica-riga\/apbalvojumi\/#breadcrumb"},"inLanguage":"lv-LV","potentialAction":[{"@type":"ReadAction","target":["https:\/\/grandpalaceriga.com\/lv\/viesnica-riga\/apbalvojumi\/"]}]},{"@type":"BreadcrumbList","@id":"https:\/\/grandpalaceriga.com\/lv\/viesnica-riga\/apbalvojumi\/#breadcrumb","itemListElement":[{"@type":"ListItem","position":1,"name":"Home","item":"https:\/\/grandpalaceriga.com\/lv\/"},{"@type":"ListItem","position":2,"name":"Grand Palace Hotel viesn\u012bca","item":"https:\/\/grandpalaceriga.com\/lv\/viesnica-riga\/"},{"@type":"ListItem","position":3,"name":"Apbalvojumi"}]},{"@type":"WebSite","@id":"https:\/\/grandpalaceriga.com\/#website","url":"https:\/\/grandpalaceriga.com\/","name":"Grand Palace Hotel Riga","description":"Group","potentialAction":[{"@type":"SearchAction","target":{"@type":"EntryPoint","urlTemplate":"https:\/\/grandpalaceriga.com\/?s={search_term_string}"},"query-input":{"@type":"PropertyValueSpecification","valueRequired":true,"valueName":"search_term_string"}}],"inLanguage":"lv-LV"}]}},"_links":{"self":[{"href":"https:\/\/grandpalaceriga.com\/lv\/wp-json\/wp\/v2\/pages\/6439","targetHints":{"allow":["GET"]}}],"collection":[{"href":"https:\/\/grandpalaceriga.com\/lv\/wp-json\/wp\/v2\/pages"}],"about":[{"href":"https:\/\/grandpalaceriga.com\/lv\/wp-json\/wp\/v2\/types\/page"}],"author":[{"embeddable":true,"href":"https:\/\/grandpalaceriga.com\/lv\/wp-json\/wp\/v2\/users\/3"}],"replies":[{"embeddable":true,"href":"https:\/\/grandpalaceriga.com\/lv\/wp-json\/wp\/v2\/comments?post=6439"}],"version-history":[{"count":15,"href":"https:\/\/grandpalaceriga.com\/lv\/wp-json\/wp\/v2\/pages\/6439\/revisions"}],"predecessor-version":[{"id":16322,"href":"https:\/\/grandpalaceriga.com\/lv\/wp-json\/wp\/v2\/pages\/6439\/revisions\/16322"}],"up":[{"embeddable":true,"href":"https:\/\/grandpalaceriga.com\/lv\/wp-json\/wp\/v2\/pages\/6427"}],"wp:attachment":[{"href":"https:\/\/grandpalaceriga.com\/lv\/wp-json\/wp\/v2\/media?parent=6439"}],"curies":[{"name":"wp","href":"https:\/\/api.w.org\/{rel}","templated":true}]}}