{"id":6434,"date":"2014-04-21T09:58:01","date_gmt":"2014-04-21T09:58:01","guid":{"rendered":"http:\/\/grandpalaceriga.com\/lv\/viesnica\/concierge-service\/"},"modified":"2025-12-17T12:39:07","modified_gmt":"2025-12-17T12:39:07","slug":"konsjerza-pakalpojumi","status":"publish","type":"page","link":"https:\/\/grandpalaceriga.com\/lv\/viesnica-riga\/konsjerza-pakalpojumi\/","title":{"rendered":"Konsjer\u017ea pakalpojumi"},"content":{"rendered":"","protected":false},"excerpt":{"rendered":"","protected":false},"author":3,"featured_media":0,"parent":6427,"menu_order":3,"comment_status":"closed","ping_status":"closed","template":"","meta":{"_acf_changed":false,"footnotes":""},"class_list":["post-6434","page","type-page","status-publish","hentry"],"acf":[],"yoast_head":"<!-- This site is optimized with the Yoast SEO plugin v27.5 - https:\/\/yoast.com\/product\/yoast-seo-wordpress\/ -->\n<title>Konsjer\u017ea pakalpojumi Grand Palace Hotel | R\u012bg\u0101, Pils iela 12<\/title>\n<meta name=\"description\" content=\"Luksusa 5* Grand Palace Hotel R\u012bg\u0101 pied\u0101v\u0101 ekskluz\u012bvus konsjer\u017ea pakalpojumus visiem m\u016bsu viesiem. M\u0113s par Jums par\u016bp\u0113simies!\" \/>\n<meta name=\"robots\" content=\"index, follow, max-snippet:-1, max-image-preview:large, max-video-preview:-1\" \/>\n<link rel=\"canonical\" href=\"https:\/\/grandpalaceriga.com\/lv\/viesnica-riga\/konsjerza-pakalpojumi\/\" \/>\n<meta property=\"og:locale\" content=\"lv_LV\" \/>\n<meta property=\"og:type\" content=\"article\" \/>\n<meta property=\"og:title\" content=\"Konsjer\u017ea pakalpojumi Grand Palace Hotel | R\u012bg\u0101, Pils iela 12\" \/>\n<meta property=\"og:description\" content=\"Luksusa 5* Grand Palace Hotel R\u012bg\u0101 pied\u0101v\u0101 ekskluz\u012bvus konsjer\u017ea pakalpojumus visiem m\u016bsu viesiem. M\u0113s par Jums par\u016bp\u0113simies!\" \/>\n<meta property=\"og:url\" content=\"https:\/\/grandpalaceriga.com\/lv\/viesnica-riga\/konsjerza-pakalpojumi\/\" \/>\n<meta property=\"og:site_name\" content=\"Grand Palace Hotel Riga\" \/>\n<meta property=\"article:publisher\" content=\"https:\/\/www.facebook.com\/GrandPalaceRiga\" \/>\n<meta property=\"article:modified_time\" content=\"2025-12-17T12:39:07+00:00\" \/>\n<meta property=\"og:image\" content=\"https:\/\/grandpalaceriga.com\/wp-content\/uploads\/2019\/10\/Superior-Twin_main.jpg\" \/>\n\t<meta property=\"og:image:width\" content=\"5389\" \/>\n\t<meta property=\"og:image:height\" content=\"3593\" \/>\n\t<meta property=\"og:image:type\" content=\"image\/jpeg\" \/>\n<meta name=\"twitter:label1\" content=\"Est. reading time\" \/>\n\t<meta name=\"twitter:data1\" content=\"8 min\u016btes\" \/>\n<script type=\"application\/ld+json\" class=\"yoast-schema-graph\">{\"@context\":\"https:\\\/\\\/schema.org\",\"@graph\":[{\"@type\":\"WebPage\",\"@id\":\"https:\\\/\\\/grandpalaceriga.com\\\/lv\\\/viesnica-riga\\\/konsjerza-pakalpojumi\\\/\",\"url\":\"https:\\\/\\\/grandpalaceriga.com\\\/lv\\\/viesnica-riga\\\/konsjerza-pakalpojumi\\\/\",\"name\":\"Konsjer\u017ea pakalpojumi Grand Palace Hotel | R\u012bg\u0101, Pils iela 12\",\"isPartOf\":{\"@id\":\"https:\\\/\\\/grandpalaceriga.com\\\/#website\"},\"datePublished\":\"2014-04-21T09:58:01+00:00\",\"dateModified\":\"2025-12-17T12:39:07+00:00\",\"description\":\"Luksusa 5* Grand Palace Hotel R\u012bg\u0101 pied\u0101v\u0101 ekskluz\u012bvus konsjer\u017ea pakalpojumus visiem m\u016bsu viesiem. M\u0113s par Jums par\u016bp\u0113simies!\",\"breadcrumb\":{\"@id\":\"https:\\\/\\\/grandpalaceriga.com\\\/lv\\\/viesnica-riga\\\/konsjerza-pakalpojumi\\\/#breadcrumb\"},\"inLanguage\":\"lv-LV\",\"potentialAction\":[{\"@type\":\"ReadAction\",\"target\":[\"https:\\\/\\\/grandpalaceriga.com\\\/lv\\\/viesnica-riga\\\/konsjerza-pakalpojumi\\\/\"]}]},{\"@type\":\"BreadcrumbList\",\"@id\":\"https:\\\/\\\/grandpalaceriga.com\\\/lv\\\/viesnica-riga\\\/konsjerza-pakalpojumi\\\/#breadcrumb\",\"itemListElement\":[{\"@type\":\"ListItem\",\"position\":1,\"name\":\"Home\",\"item\":\"https:\\\/\\\/grandpalaceriga.com\\\/lv\\\/\"},{\"@type\":\"ListItem\",\"position\":2,\"name\":\"Grand Palace Hotel viesn\u012bca\",\"item\":\"https:\\\/\\\/grandpalaceriga.com\\\/lv\\\/viesnica-riga\\\/\"},{\"@type\":\"ListItem\",\"position\":3,\"name\":\"Konsjer\u017ea pakalpojumi\"}]},{\"@type\":\"WebSite\",\"@id\":\"https:\\\/\\\/grandpalaceriga.com\\\/#website\",\"url\":\"https:\\\/\\\/grandpalaceriga.com\\\/\",\"name\":\"Grand Palace Hotel Riga\",\"description\":\"Group\",\"potentialAction\":[{\"@type\":\"SearchAction\",\"target\":{\"@type\":\"EntryPoint\",\"urlTemplate\":\"https:\\\/\\\/grandpalaceriga.com\\\/?s={search_term_string}\"},\"query-input\":{\"@type\":\"PropertyValueSpecification\",\"valueRequired\":true,\"valueName\":\"search_term_string\"}}],\"inLanguage\":\"lv-LV\"}]}<\/script>\n<!-- \/ Yoast SEO plugin. -->","yoast_head_json":{"title":"Konsjer\u017ea pakalpojumi Grand Palace Hotel | R\u012bg\u0101, Pils iela 12","description":"Luksusa 5* Grand Palace Hotel R\u012bg\u0101 pied\u0101v\u0101 ekskluz\u012bvus konsjer\u017ea pakalpojumus visiem m\u016bsu viesiem. M\u0113s par Jums par\u016bp\u0113simies!","robots":{"index":"index","follow":"follow","max-snippet":"max-snippet:-1","max-image-preview":"max-image-preview:large","max-video-preview":"max-video-preview:-1"},"canonical":"https:\/\/grandpalaceriga.com\/lv\/viesnica-riga\/konsjerza-pakalpojumi\/","og_locale":"lv_LV","og_type":"article","og_title":"Konsjer\u017ea pakalpojumi Grand Palace Hotel | R\u012bg\u0101, Pils iela 12","og_description":"Luksusa 5* Grand Palace Hotel R\u012bg\u0101 pied\u0101v\u0101 ekskluz\u012bvus konsjer\u017ea pakalpojumus visiem m\u016bsu viesiem. M\u0113s par Jums par\u016bp\u0113simies!","og_url":"https:\/\/grandpalaceriga.com\/lv\/viesnica-riga\/konsjerza-pakalpojumi\/","og_site_name":"Grand Palace Hotel Riga","article_publisher":"https:\/\/www.facebook.com\/GrandPalaceRiga","article_modified_time":"2025-12-17T12:39:07+00:00","og_image":[{"width":5389,"height":3593,"url":"https:\/\/grandpalaceriga.com\/wp-content\/uploads\/2019\/10\/Superior-Twin_main.jpg","type":"image\/jpeg"}],"twitter_misc":{"Est. reading time":"8 min\u016btes"},"schema":{"@context":"https:\/\/schema.org","@graph":[{"@type":"WebPage","@id":"https:\/\/grandpalaceriga.com\/lv\/viesnica-riga\/konsjerza-pakalpojumi\/","url":"https:\/\/grandpalaceriga.com\/lv\/viesnica-riga\/konsjerza-pakalpojumi\/","name":"Konsjer\u017ea pakalpojumi Grand Palace Hotel | R\u012bg\u0101, Pils iela 12","isPartOf":{"@id":"https:\/\/grandpalaceriga.com\/#website"},"datePublished":"2014-04-21T09:58:01+00:00","dateModified":"2025-12-17T12:39:07+00:00","description":"Luksusa 5* Grand Palace Hotel R\u012bg\u0101 pied\u0101v\u0101 ekskluz\u012bvus konsjer\u017ea pakalpojumus visiem m\u016bsu viesiem. M\u0113s par Jums par\u016bp\u0113simies!","breadcrumb":{"@id":"https:\/\/grandpalaceriga.com\/lv\/viesnica-riga\/konsjerza-pakalpojumi\/#breadcrumb"},"inLanguage":"lv-LV","potentialAction":[{"@type":"ReadAction","target":["https:\/\/grandpalaceriga.com\/lv\/viesnica-riga\/konsjerza-pakalpojumi\/"]}]},{"@type":"BreadcrumbList","@id":"https:\/\/grandpalaceriga.com\/lv\/viesnica-riga\/konsjerza-pakalpojumi\/#breadcrumb","itemListElement":[{"@type":"ListItem","position":1,"name":"Home","item":"https:\/\/grandpalaceriga.com\/lv\/"},{"@type":"ListItem","position":2,"name":"Grand Palace Hotel viesn\u012bca","item":"https:\/\/grandpalaceriga.com\/lv\/viesnica-riga\/"},{"@type":"ListItem","position":3,"name":"Konsjer\u017ea pakalpojumi"}]},{"@type":"WebSite","@id":"https:\/\/grandpalaceriga.com\/#website","url":"https:\/\/grandpalaceriga.com\/","name":"Grand Palace Hotel Riga","description":"Group","potentialAction":[{"@type":"SearchAction","target":{"@type":"EntryPoint","urlTemplate":"https:\/\/grandpalaceriga.com\/?s={search_term_string}"},"query-input":{"@type":"PropertyValueSpecification","valueRequired":true,"valueName":"search_term_string"}}],"inLanguage":"lv-LV"}]}},"_links":{"self":[{"href":"https:\/\/grandpalaceriga.com\/lv\/wp-json\/wp\/v2\/pages\/6434","targetHints":{"allow":["GET"]}}],"collection":[{"href":"https:\/\/grandpalaceriga.com\/lv\/wp-json\/wp\/v2\/pages"}],"about":[{"href":"https:\/\/grandpalaceriga.com\/lv\/wp-json\/wp\/v2\/types\/page"}],"author":[{"embeddable":true,"href":"https:\/\/grandpalaceriga.com\/lv\/wp-json\/wp\/v2\/users\/3"}],"replies":[{"embeddable":true,"href":"https:\/\/grandpalaceriga.com\/lv\/wp-json\/wp\/v2\/comments?post=6434"}],"version-history":[{"count":10,"href":"https:\/\/grandpalaceriga.com\/lv\/wp-json\/wp\/v2\/pages\/6434\/revisions"}],"predecessor-version":[{"id":17104,"href":"https:\/\/grandpalaceriga.com\/lv\/wp-json\/wp\/v2\/pages\/6434\/revisions\/17104"}],"up":[{"embeddable":true,"href":"https:\/\/grandpalaceriga.com\/lv\/wp-json\/wp\/v2\/pages\/6427"}],"wp:attachment":[{"href":"https:\/\/grandpalaceriga.com\/lv\/wp-json\/wp\/v2\/media?parent=6434"}],"curies":[{"name":"wp","href":"https:\/\/api.w.org\/{rel}","templated":true}]}}