{"id":6431,"date":"2014-04-21T09:58:27","date_gmt":"2014-04-21T09:58:27","guid":{"rendered":"http:\/\/grandpalaceriga.com\/lv\/viesnica\/hotel-services\/"},"modified":"2026-01-29T13:44:50","modified_gmt":"2026-01-29T13:44:50","slug":"viesnicu-pakalpojumi","status":"publish","type":"page","link":"https:\/\/grandpalaceriga.com\/lv\/viesnica-riga\/viesnicu-pakalpojumi\/","title":{"rendered":"Pakalpojumi un telpas"},"content":{"rendered":"","protected":false},"excerpt":{"rendered":"","protected":false},"author":3,"featured_media":17347,"parent":6427,"menu_order":3,"comment_status":"closed","ping_status":"closed","template":"","meta":{"_acf_changed":false,"footnotes":""},"class_list":["post-6431","page","type-page","status-publish","has-post-thumbnail","hentry"],"acf":[],"yoast_head":"<!-- This site is optimized with the Yoast SEO plugin v27.3 - https:\/\/yoast.com\/product\/yoast-seo-wordpress\/ -->\n<title>Viesn\u012bcas Pakalpojumi | Rezerv\u0101cijas tie\u0161saist\u0113 | Grand Palace<\/title>\n<meta name=\"description\" content=\"Ja J\u016bs ce\u013cojat darba dar\u012b\u0161an\u0101s vai atp\u016btas braucien\u0101, Grand Palace Hotel pied\u0101v\u0101tie pakalpojumi padara to par ide\u0101lu izv\u0113li J\u016bsu uztur\u0113\u0161an\u0101s laik\u0101...\" \/>\n<meta name=\"robots\" content=\"index, follow, max-snippet:-1, max-image-preview:large, max-video-preview:-1\" \/>\n<link rel=\"canonical\" href=\"https:\/\/grandpalaceriga.com\/lv\/viesnica-riga\/viesnicu-pakalpojumi\/\" \/>\n<meta property=\"og:locale\" content=\"lv_LV\" \/>\n<meta property=\"og:type\" content=\"article\" \/>\n<meta property=\"og:title\" content=\"Viesn\u012bcas Pakalpojumi | Rezerv\u0101cijas tie\u0161saist\u0113 | Grand Palace\" \/>\n<meta property=\"og:description\" content=\"Ja J\u016bs ce\u013cojat darba dar\u012b\u0161an\u0101s vai atp\u016btas braucien\u0101, Grand Palace Hotel pied\u0101v\u0101tie pakalpojumi padara to par ide\u0101lu izv\u0113li J\u016bsu uztur\u0113\u0161an\u0101s laik\u0101...\" \/>\n<meta property=\"og:url\" content=\"https:\/\/grandpalaceriga.com\/lv\/viesnica-riga\/viesnicu-pakalpojumi\/\" \/>\n<meta property=\"og:site_name\" content=\"Grand Palace Hotel Riga\" \/>\n<meta property=\"article:publisher\" content=\"https:\/\/www.facebook.com\/GrandPalaceRiga\" \/>\n<meta property=\"article:modified_time\" content=\"2026-01-29T13:44:50+00:00\" \/>\n<meta property=\"og:image\" content=\"https:\/\/grandpalaceriga.com\/wp-content\/uploads\/2016\/01\/Services_Grand-Palace-Hotel.jpg\" \/>\n\t<meta property=\"og:image:width\" content=\"2050\" \/>\n\t<meta property=\"og:image:height\" content=\"1548\" \/>\n\t<meta property=\"og:image:type\" content=\"image\/jpeg\" \/>\n<meta name=\"twitter:label1\" content=\"Est. reading time\" \/>\n\t<meta name=\"twitter:data1\" content=\"2 min\u016btes\" \/>\n<script type=\"application\/ld+json\" class=\"yoast-schema-graph\">{\"@context\":\"https:\\\/\\\/schema.org\",\"@graph\":[{\"@type\":\"WebPage\",\"@id\":\"https:\\\/\\\/grandpalaceriga.com\\\/lv\\\/viesnica-riga\\\/viesnicu-pakalpojumi\\\/\",\"url\":\"https:\\\/\\\/grandpalaceriga.com\\\/lv\\\/viesnica-riga\\\/viesnicu-pakalpojumi\\\/\",\"name\":\"Viesn\u012bcas Pakalpojumi | Rezerv\u0101cijas tie\u0161saist\u0113 | Grand Palace\",\"isPartOf\":{\"@id\":\"https:\\\/\\\/grandpalaceriga.com\\\/#website\"},\"primaryImageOfPage\":{\"@id\":\"https:\\\/\\\/grandpalaceriga.com\\\/lv\\\/viesnica-riga\\\/viesnicu-pakalpojumi\\\/#primaryimage\"},\"image\":{\"@id\":\"https:\\\/\\\/grandpalaceriga.com\\\/lv\\\/viesnica-riga\\\/viesnicu-pakalpojumi\\\/#primaryimage\"},\"thumbnailUrl\":\"https:\\\/\\\/grandpalaceriga.com\\\/wp-content\\\/uploads\\\/2016\\\/01\\\/Services_Grand-Palace-Hotel.jpg\",\"datePublished\":\"2014-04-21T09:58:27+00:00\",\"dateModified\":\"2026-01-29T13:44:50+00:00\",\"description\":\"Ja J\u016bs ce\u013cojat darba dar\u012b\u0161an\u0101s vai atp\u016btas braucien\u0101, Grand Palace Hotel pied\u0101v\u0101tie pakalpojumi padara to par ide\u0101lu izv\u0113li J\u016bsu uztur\u0113\u0161an\u0101s laik\u0101...\",\"breadcrumb\":{\"@id\":\"https:\\\/\\\/grandpalaceriga.com\\\/lv\\\/viesnica-riga\\\/viesnicu-pakalpojumi\\\/#breadcrumb\"},\"inLanguage\":\"lv-LV\",\"potentialAction\":[{\"@type\":\"ReadAction\",\"target\":[\"https:\\\/\\\/grandpalaceriga.com\\\/lv\\\/viesnica-riga\\\/viesnicu-pakalpojumi\\\/\"]}]},{\"@type\":\"ImageObject\",\"inLanguage\":\"lv-LV\",\"@id\":\"https:\\\/\\\/grandpalaceriga.com\\\/lv\\\/viesnica-riga\\\/viesnicu-pakalpojumi\\\/#primaryimage\",\"url\":\"https:\\\/\\\/grandpalaceriga.com\\\/wp-content\\\/uploads\\\/2016\\\/01\\\/Services_Grand-Palace-Hotel.jpg\",\"contentUrl\":\"https:\\\/\\\/grandpalaceriga.com\\\/wp-content\\\/uploads\\\/2016\\\/01\\\/Services_Grand-Palace-Hotel.jpg\",\"width\":2050,\"height\":1548},{\"@type\":\"BreadcrumbList\",\"@id\":\"https:\\\/\\\/grandpalaceriga.com\\\/lv\\\/viesnica-riga\\\/viesnicu-pakalpojumi\\\/#breadcrumb\",\"itemListElement\":[{\"@type\":\"ListItem\",\"position\":1,\"name\":\"Home\",\"item\":\"https:\\\/\\\/grandpalaceriga.com\\\/lv\\\/\"},{\"@type\":\"ListItem\",\"position\":2,\"name\":\"Grand Palace Hotel viesn\u012bca\",\"item\":\"https:\\\/\\\/grandpalaceriga.com\\\/lv\\\/viesnica-riga\\\/\"},{\"@type\":\"ListItem\",\"position\":3,\"name\":\"Pakalpojumi un telpas\"}]},{\"@type\":\"WebSite\",\"@id\":\"https:\\\/\\\/grandpalaceriga.com\\\/#website\",\"url\":\"https:\\\/\\\/grandpalaceriga.com\\\/\",\"name\":\"Grand Palace Hotel Riga\",\"description\":\"Group\",\"potentialAction\":[{\"@type\":\"SearchAction\",\"target\":{\"@type\":\"EntryPoint\",\"urlTemplate\":\"https:\\\/\\\/grandpalaceriga.com\\\/?s={search_term_string}\"},\"query-input\":{\"@type\":\"PropertyValueSpecification\",\"valueRequired\":true,\"valueName\":\"search_term_string\"}}],\"inLanguage\":\"lv-LV\"}]}<\/script>\n<!-- \/ Yoast SEO plugin. -->","yoast_head_json":{"title":"Viesn\u012bcas Pakalpojumi | Rezerv\u0101cijas tie\u0161saist\u0113 | Grand Palace","description":"Ja J\u016bs ce\u013cojat darba dar\u012b\u0161an\u0101s vai atp\u016btas braucien\u0101, Grand Palace Hotel pied\u0101v\u0101tie pakalpojumi padara to par ide\u0101lu izv\u0113li J\u016bsu uztur\u0113\u0161an\u0101s laik\u0101...","robots":{"index":"index","follow":"follow","max-snippet":"max-snippet:-1","max-image-preview":"max-image-preview:large","max-video-preview":"max-video-preview:-1"},"canonical":"https:\/\/grandpalaceriga.com\/lv\/viesnica-riga\/viesnicu-pakalpojumi\/","og_locale":"lv_LV","og_type":"article","og_title":"Viesn\u012bcas Pakalpojumi | Rezerv\u0101cijas tie\u0161saist\u0113 | Grand Palace","og_description":"Ja J\u016bs ce\u013cojat darba dar\u012b\u0161an\u0101s vai atp\u016btas braucien\u0101, Grand Palace Hotel pied\u0101v\u0101tie pakalpojumi padara to par ide\u0101lu izv\u0113li J\u016bsu uztur\u0113\u0161an\u0101s laik\u0101...","og_url":"https:\/\/grandpalaceriga.com\/lv\/viesnica-riga\/viesnicu-pakalpojumi\/","og_site_name":"Grand Palace Hotel Riga","article_publisher":"https:\/\/www.facebook.com\/GrandPalaceRiga","article_modified_time":"2026-01-29T13:44:50+00:00","og_image":[{"width":2050,"height":1548,"url":"https:\/\/grandpalaceriga.com\/wp-content\/uploads\/2016\/01\/Services_Grand-Palace-Hotel.jpg","type":"image\/jpeg"}],"twitter_misc":{"Est. reading time":"2 min\u016btes"},"schema":{"@context":"https:\/\/schema.org","@graph":[{"@type":"WebPage","@id":"https:\/\/grandpalaceriga.com\/lv\/viesnica-riga\/viesnicu-pakalpojumi\/","url":"https:\/\/grandpalaceriga.com\/lv\/viesnica-riga\/viesnicu-pakalpojumi\/","name":"Viesn\u012bcas Pakalpojumi | Rezerv\u0101cijas tie\u0161saist\u0113 | Grand Palace","isPartOf":{"@id":"https:\/\/grandpalaceriga.com\/#website"},"primaryImageOfPage":{"@id":"https:\/\/grandpalaceriga.com\/lv\/viesnica-riga\/viesnicu-pakalpojumi\/#primaryimage"},"image":{"@id":"https:\/\/grandpalaceriga.com\/lv\/viesnica-riga\/viesnicu-pakalpojumi\/#primaryimage"},"thumbnailUrl":"https:\/\/grandpalaceriga.com\/wp-content\/uploads\/2016\/01\/Services_Grand-Palace-Hotel.jpg","datePublished":"2014-04-21T09:58:27+00:00","dateModified":"2026-01-29T13:44:50+00:00","description":"Ja J\u016bs ce\u013cojat darba dar\u012b\u0161an\u0101s vai atp\u016btas braucien\u0101, Grand Palace Hotel pied\u0101v\u0101tie pakalpojumi padara to par ide\u0101lu izv\u0113li J\u016bsu uztur\u0113\u0161an\u0101s laik\u0101...","breadcrumb":{"@id":"https:\/\/grandpalaceriga.com\/lv\/viesnica-riga\/viesnicu-pakalpojumi\/#breadcrumb"},"inLanguage":"lv-LV","potentialAction":[{"@type":"ReadAction","target":["https:\/\/grandpalaceriga.com\/lv\/viesnica-riga\/viesnicu-pakalpojumi\/"]}]},{"@type":"ImageObject","inLanguage":"lv-LV","@id":"https:\/\/grandpalaceriga.com\/lv\/viesnica-riga\/viesnicu-pakalpojumi\/#primaryimage","url":"https:\/\/grandpalaceriga.com\/wp-content\/uploads\/2016\/01\/Services_Grand-Palace-Hotel.jpg","contentUrl":"https:\/\/grandpalaceriga.com\/wp-content\/uploads\/2016\/01\/Services_Grand-Palace-Hotel.jpg","width":2050,"height":1548},{"@type":"BreadcrumbList","@id":"https:\/\/grandpalaceriga.com\/lv\/viesnica-riga\/viesnicu-pakalpojumi\/#breadcrumb","itemListElement":[{"@type":"ListItem","position":1,"name":"Home","item":"https:\/\/grandpalaceriga.com\/lv\/"},{"@type":"ListItem","position":2,"name":"Grand Palace Hotel viesn\u012bca","item":"https:\/\/grandpalaceriga.com\/lv\/viesnica-riga\/"},{"@type":"ListItem","position":3,"name":"Pakalpojumi un telpas"}]},{"@type":"WebSite","@id":"https:\/\/grandpalaceriga.com\/#website","url":"https:\/\/grandpalaceriga.com\/","name":"Grand Palace Hotel Riga","description":"Group","potentialAction":[{"@type":"SearchAction","target":{"@type":"EntryPoint","urlTemplate":"https:\/\/grandpalaceriga.com\/?s={search_term_string}"},"query-input":{"@type":"PropertyValueSpecification","valueRequired":true,"valueName":"search_term_string"}}],"inLanguage":"lv-LV"}]}},"_links":{"self":[{"href":"https:\/\/grandpalaceriga.com\/lv\/wp-json\/wp\/v2\/pages\/6431","targetHints":{"allow":["GET"]}}],"collection":[{"href":"https:\/\/grandpalaceriga.com\/lv\/wp-json\/wp\/v2\/pages"}],"about":[{"href":"https:\/\/grandpalaceriga.com\/lv\/wp-json\/wp\/v2\/types\/page"}],"author":[{"embeddable":true,"href":"https:\/\/grandpalaceriga.com\/lv\/wp-json\/wp\/v2\/users\/3"}],"replies":[{"embeddable":true,"href":"https:\/\/grandpalaceriga.com\/lv\/wp-json\/wp\/v2\/comments?post=6431"}],"version-history":[{"count":16,"href":"https:\/\/grandpalaceriga.com\/lv\/wp-json\/wp\/v2\/pages\/6431\/revisions"}],"predecessor-version":[{"id":17359,"href":"https:\/\/grandpalaceriga.com\/lv\/wp-json\/wp\/v2\/pages\/6431\/revisions\/17359"}],"up":[{"embeddable":true,"href":"https:\/\/grandpalaceriga.com\/lv\/wp-json\/wp\/v2\/pages\/6427"}],"wp:featuredmedia":[{"embeddable":true,"href":"https:\/\/grandpalaceriga.com\/lv\/wp-json\/wp\/v2\/media\/17347"}],"wp:attachment":[{"href":"https:\/\/grandpalaceriga.com\/lv\/wp-json\/wp\/v2\/media?parent=6431"}],"curies":[{"name":"wp","href":"https:\/\/api.w.org\/{rel}","templated":true}]}}